{"id":530,"date":"2026-03-12T17:44:18","date_gmt":"2026-03-12T17:44:18","guid":{"rendered":"https:\/\/staging.drsdent.com\/?page_id=530"},"modified":"2026-04-13T20:09:59","modified_gmt":"2026-04-13T20:09:59","slug":"endodoncia","status":"publish","type":"page","link":"https:\/\/staging.drsdent.com\/en\/especialidades\/endodoncia\/","title":{"rendered":"Endodontics"},"content":{"rendered":"<div data-elementor-type=\"wp-page\" data-elementor-id=\"530\" class=\"elementor elementor-530\" data-elementor-post-type=\"page\">\n\t\t\t\t<div class=\"elementor-element elementor-element-06c6475 e-con-full e-flex e-con e-parent\" data-id=\"06c6475\" data-element_type=\"container\" data-e-type=\"container\" data-settings=\"{&quot;background_background&quot;:&quot;classic&quot;}\">\n\t\t<div class=\"elementor-element elementor-element-53abfb0 e-con-full e-flex e-con e-child\" data-id=\"53abfb0\" data-element_type=\"container\" data-e-type=\"container\">\n\t\t\t\t<div class=\"elementor-element elementor-element-5b3a2c1 elementor-widget__width-initial elementor-widget elementor-widget-heading\" data-id=\"5b3a2c1\" data-element_type=\"widget\" data-e-type=\"widget\" data-widget_type=\"heading.default\">\n\t\t\t\t\t<h1 class=\"elementor-heading-title elementor-size-default\">Endodontics<\/h1>\t\t\t\t<\/div>\n\t\t\t\t<\/div>\n\t\t\t\t<\/div>\n\t\t<div class=\"elementor-element elementor-element-bcb494b e-con-full e-flex e-con e-parent\" data-id=\"bcb494b\" data-element_type=\"container\" data-e-type=\"container\">\n\t\t<div class=\"elementor-element elementor-element-c7a4773 e-con-full e-flex e-con e-child\" data-id=\"c7a4773\" data-element_type=\"container\" data-e-type=\"container\">\n\t\t\t\t<div class=\"elementor-element elementor-element-3502562 elementor-widget-mobile__width-initial elementor-widget__width-inherit elementor-widget elementor-widget-heading\" data-id=\"3502562\" data-element_type=\"widget\" data-e-type=\"widget\" data-widget_type=\"heading.default\">\n\t\t\t\t\t<h2 class=\"elementor-heading-title elementor-size-default\">What is Endodontics?<\/h2>\t\t\t\t<\/div>\n\t\t\t\t<div class=\"elementor-element elementor-element-9be67ed elementor-widget__width-initial elementor-widget elementor-widget-text-editor\" data-id=\"9be67ed\" data-element_type=\"widget\" data-e-type=\"widget\" data-widget_type=\"text-editor.default\">\n\t\t\t\t\t\t\t\t\t<p data-start=\"16\" data-end=\"239\">Endodontics, also known as root canal treatment, is a procedure that removes damaged or infected dental pulp to clean and disinfect the tooth canal, preventing the spread of bacteria.<\/p><p data-start=\"241\" data-end=\"500\" data-is-last-node=\"\" data-is-only-node=\"\">It is primarily performed due to deep decay, although it may also be necessary because of trauma, fractures, or dental wear. Common symptoms include severe pain, sensitivity to hot or cold, inflammation, and discomfort when chewing.<\/p>\t\t\t\t\t\t\t\t<\/div>\n\t\t\t\t<\/div>\n\t\t<div class=\"elementor-element elementor-element-332ef93 e-con-full e-flex e-con e-child\" data-id=\"332ef93\" data-element_type=\"container\" data-e-type=\"container\">\n\t\t<div class=\"elementor-element elementor-element-d84b55e e-flex e-con-boxed e-con e-child\" data-id=\"d84b55e\" data-element_type=\"container\" data-e-type=\"container\">\n\t\t\t\t\t<div class=\"e-con-inner\">\n\t\t\t\t<div class=\"elementor-element elementor-element-11dccb3 elementor-widget elementor-widget-video\" data-id=\"11dccb3\" data-element_type=\"widget\" data-e-type=\"widget\" data-settings=\"{&quot;youtube_url&quot;:&quot;https:\\\/\\\/www.youtube.com\\\/watch?v=MJVUXd4GRN0&quot;,&quot;video_type&quot;:&quot;youtube&quot;,&quot;controls&quot;:&quot;yes&quot;}\" data-widget_type=\"video.default\">\n\t\t\t\t\t\t\t<div class=\"elementor-wrapper elementor-open-inline\">\n\t\t\t<div class=\"elementor-video\"><\/div>\t\t<\/div>\n\t\t\t\t\t\t<\/div>\n\t\t\t\t\t<\/div>\n\t\t\t\t<\/div>\n\t\t\t\t<\/div>\n\t\t<div class=\"elementor-element elementor-element-e0706e3 e-con-full e-flex e-con e-child\" data-id=\"e0706e3\" data-element_type=\"container\" data-e-type=\"container\">\n\t\t<div class=\"elementor-element elementor-element-6640407 e-con-full e-flex e-con e-child\" data-id=\"6640407\" data-element_type=\"container\" data-e-type=\"container\">\n\t\t\t\t<div class=\"elementor-element elementor-element-231137f elementor-widget elementor-widget-heading\" data-id=\"231137f\" data-element_type=\"widget\" data-e-type=\"widget\" data-widget_type=\"heading.default\">\n\t\t\t\t\t<h2 class=\"elementor-heading-title elementor-size-default\">Types of Endodontic<\/h2>\t\t\t\t<\/div>\n\t\t<div class=\"elementor-element elementor-element-ac74efa e-con-full e-grid e-con e-child\" data-id=\"ac74efa\" data-element_type=\"container\" data-e-type=\"container\">\n\t\t<div class=\"elementor-element elementor-element-1c8307a e-con-full e-flex e-con e-child\" data-id=\"1c8307a\" data-element_type=\"container\" data-e-type=\"container\" data-settings=\"{&quot;background_background&quot;:&quot;classic&quot;}\">\n\t\t\t\t<div class=\"elementor-element elementor-element-dcb7eed elementor-view-default elementor-widget elementor-widget-icon\" data-id=\"dcb7eed\" data-element_type=\"widget\" data-e-type=\"widget\" data-widget_type=\"icon.default\">\n\t\t\t\t\t\t\t<div class=\"elementor-icon-wrapper\">\n\t\t\t<div class=\"elementor-icon\">\n\t\t\t<svg xmlns=\"http:\/\/www.w3.org\/2000\/svg\" width=\"31\" height=\"30\" viewbox=\"0 0 31 30\" fill=\"none\"><g clip-path=\"url(#clip0_2277_185)\"><path d=\"M3.28918 28.6837L22.2168 28.6853C23.3197 28.6853 24.1657 27.7709 24.1665 26.739L24.1724 21.3019C24.1724 20.9262 24.467 20.6686 24.7993 20.6499C25.1703 20.6287 25.5119 20.8993 25.5119 21.297V26.7325C25.5119 28.5696 23.997 30.0008 22.1086 30.0008L3.36387 29.9967C1.49897 29.9951 0 28.5394 0 26.7292V3.27076C0 1.45974 1.49813 0.00489024 3.36303 0.0040752L22.1077 0C23.9978 0 25.511 1.4304 25.511 3.26913V8.70381C25.511 9.08281 25.1988 9.34525 24.8547 9.35177C24.5106 9.35829 24.1724 9.09259 24.1715 8.69893L24.1657 3.26179C24.1648 2.2275 23.3197 1.31547 22.216 1.31547L3.31435 1.31384C2.24342 1.31384 1.34538 2.18512 1.34538 3.22593V26.7765C1.34538 27.7831 2.20733 28.6845 3.2875 28.6845L3.28918 28.6837Z\" fill=\"white\"><\/path><path d=\"M18.0623 24.8351L14.3174 26.0495C14.0656 26.131 13.8164 26.0577 13.6569 25.9199C13.4563 25.7463 13.3741 25.4839 13.4656 25.2182L14.706 21.6059C14.8126 21.2946 14.9712 21.0566 15.218 20.817L26.7532 9.61343C27.5362 8.853 28.7532 8.81632 29.5656 9.54089C29.8644 9.80741 30.1305 10.0788 30.4142 10.3608C31.2073 11.1473 31.1905 12.3683 30.3865 13.1499L18.8538 24.3477C18.6213 24.5735 18.3922 24.7283 18.0623 24.8351ZM29.4926 12.1702C29.7318 11.8719 29.6915 11.5002 29.4356 11.2549L28.676 10.5206C28.4049 10.2589 27.9819 10.2663 27.7125 10.5312L26.472 11.7537L28.2119 13.4083L29.4926 12.1702ZM25.5144 12.6666L16.3955 21.522L18.1295 23.2059L27.2484 14.3504L25.5144 12.6666ZM16.8504 23.8245L15.7384 22.7519C15.5369 23.3338 15.3271 23.8228 15.2004 24.3803C15.8231 24.179 16.3376 24.0535 16.8504 23.8245Z\" fill=\"white\"><\/path><path d=\"M19.432 5.22021C19.8777 5.22021 20.1278 5.52015 20.137 5.86084C20.1462 6.20152 19.8785 6.52509 19.458 6.52428L6.021 6.52183C5.61479 6.52183 5.36804 6.16974 5.37643 5.86247C5.38566 5.49651 5.65339 5.22103 6.07304 5.22103H19.432V5.22021Z\" fill=\"white\"><\/path><path d=\"M19.432 9.13257C19.8777 9.13257 20.1278 9.4325 20.137 9.77319C20.1462 10.1163 19.8785 10.4374 19.458 10.4366L6.021 10.4342C5.61479 10.4342 5.36804 10.0821 5.37643 9.77482C5.38566 9.40887 5.65339 9.13338 6.07304 9.13338H19.432V9.13257Z\" fill=\"white\"><\/path><path d=\"M19.432 13.0447C19.8777 13.0447 20.1278 13.3446 20.137 13.6853C20.1462 14.0284 19.8785 14.3496 19.458 14.3487L6.021 14.3463C5.61479 14.3463 5.36804 13.9942 5.37643 13.6869C5.38566 13.321 5.65339 13.0455 6.07304 13.0455H19.432V13.0447Z\" fill=\"white\"><\/path><path d=\"M7.39504 24.355C6.86545 24.963 6.80922 26.0878 6.00014 26.0878H4.74121C4.32408 26.0878 4.02026 25.7773 4.03117 25.4219C4.04376 25.0176 4.38115 24.7593 4.80248 24.7764C5.08028 24.787 5.33626 24.787 5.62666 24.7731L6.78404 22.5342C6.90238 22.3052 7.12731 22.1821 7.35727 22.1756C7.58724 22.1691 7.84322 22.2701 7.96324 22.4992L9.14664 24.7764L11.4169 24.7837C11.7996 24.7853 12.0749 25.0804 12.0816 25.4211C12.0883 25.7618 11.8131 26.0837 11.4094 26.0837L8.7698 26.0878C8.49283 26.0878 8.2528 25.9606 8.13026 25.7243L7.3942 24.355H7.39504Z\" fill=\"white\"><\/path><path d=\"M15.4077 16.957C15.8449 16.957 16.1001 17.257 16.1085 17.5977C16.1169 17.9383 15.8475 18.2611 15.4312 18.2611L6.0177 18.2578C5.61568 18.2578 5.36725 17.9082 5.3748 17.5985C5.38403 17.2333 5.65512 16.957 6.06889 16.957H15.4068H15.4077Z\" fill=\"white\"><\/path><\/g><defs><clippath id=\"clip0_2277_185\"><rect width=\"31\" height=\"30\" fill=\"white\"><\/rect><\/clippath><\/defs><\/svg>\t\t\t<\/div>\n\t\t<\/div>\n\t\t\t\t\t\t<\/div>\n\t\t\t\t<div class=\"elementor-element elementor-element-649b314 elementor-widget elementor-widget-heading\" data-id=\"649b314\" data-element_type=\"widget\" data-e-type=\"widget\" data-widget_type=\"heading.default\">\n\t\t\t\t\t<h2 class=\"elementor-heading-title elementor-size-default\">Endodoncia unirradicular<\/h2>\t\t\t\t<\/div>\n\t\t\t\t<div class=\"elementor-element elementor-element-e97964a elementor-widget elementor-widget-text-editor\" data-id=\"e97964a\" data-element_type=\"widget\" data-e-type=\"widget\" data-widget_type=\"text-editor.default\">\n\t\t\t\t\t\t\t\t\t<p>This procedure is performed on teeth that have only one root or canal. These are typically the incisors and canines.<\/p>\t\t\t\t\t\t\t\t<\/div>\n\t\t\t\t<\/div>\n\t\t<div class=\"elementor-element elementor-element-d512e8b e-con-full e-flex e-con e-child\" data-id=\"d512e8b\" data-element_type=\"container\" data-e-type=\"container\" data-settings=\"{&quot;background_background&quot;:&quot;classic&quot;}\">\n\t\t\t\t<div class=\"elementor-element elementor-element-90cfd75 elementor-view-default elementor-widget elementor-widget-icon\" data-id=\"90cfd75\" data-element_type=\"widget\" data-e-type=\"widget\" data-widget_type=\"icon.default\">\n\t\t\t\t\t\t\t<div class=\"elementor-icon-wrapper\">\n\t\t\t<div class=\"elementor-icon\">\n\t\t\t<svg xmlns=\"http:\/\/www.w3.org\/2000\/svg\" width=\"31\" height=\"30\" viewbox=\"0 0 31 30\" fill=\"none\"><g clip-path=\"url(#clip0_2277_185)\"><path d=\"M3.28918 28.6837L22.2168 28.6853C23.3197 28.6853 24.1657 27.7709 24.1665 26.739L24.1724 21.3019C24.1724 20.9262 24.467 20.6686 24.7993 20.6499C25.1703 20.6287 25.5119 20.8993 25.5119 21.297V26.7325C25.5119 28.5696 23.997 30.0008 22.1086 30.0008L3.36387 29.9967C1.49897 29.9951 0 28.5394 0 26.7292V3.27076C0 1.45974 1.49813 0.00489024 3.36303 0.0040752L22.1077 0C23.9978 0 25.511 1.4304 25.511 3.26913V8.70381C25.511 9.08281 25.1988 9.34525 24.8547 9.35177C24.5106 9.35829 24.1724 9.09259 24.1715 8.69893L24.1657 3.26179C24.1648 2.2275 23.3197 1.31547 22.216 1.31547L3.31435 1.31384C2.24342 1.31384 1.34538 2.18512 1.34538 3.22593V26.7765C1.34538 27.7831 2.20733 28.6845 3.2875 28.6845L3.28918 28.6837Z\" fill=\"white\"><\/path><path d=\"M18.0623 24.8351L14.3174 26.0495C14.0656 26.131 13.8164 26.0577 13.6569 25.9199C13.4563 25.7463 13.3741 25.4839 13.4656 25.2182L14.706 21.6059C14.8126 21.2946 14.9712 21.0566 15.218 20.817L26.7532 9.61343C27.5362 8.853 28.7532 8.81632 29.5656 9.54089C29.8644 9.80741 30.1305 10.0788 30.4142 10.3608C31.2073 11.1473 31.1905 12.3683 30.3865 13.1499L18.8538 24.3477C18.6213 24.5735 18.3922 24.7283 18.0623 24.8351ZM29.4926 12.1702C29.7318 11.8719 29.6915 11.5002 29.4356 11.2549L28.676 10.5206C28.4049 10.2589 27.9819 10.2663 27.7125 10.5312L26.472 11.7537L28.2119 13.4083L29.4926 12.1702ZM25.5144 12.6666L16.3955 21.522L18.1295 23.2059L27.2484 14.3504L25.5144 12.6666ZM16.8504 23.8245L15.7384 22.7519C15.5369 23.3338 15.3271 23.8228 15.2004 24.3803C15.8231 24.179 16.3376 24.0535 16.8504 23.8245Z\" fill=\"white\"><\/path><path d=\"M19.432 5.22021C19.8777 5.22021 20.1278 5.52015 20.137 5.86084C20.1462 6.20152 19.8785 6.52509 19.458 6.52428L6.021 6.52183C5.61479 6.52183 5.36804 6.16974 5.37643 5.86247C5.38566 5.49651 5.65339 5.22103 6.07304 5.22103H19.432V5.22021Z\" fill=\"white\"><\/path><path d=\"M19.432 9.13257C19.8777 9.13257 20.1278 9.4325 20.137 9.77319C20.1462 10.1163 19.8785 10.4374 19.458 10.4366L6.021 10.4342C5.61479 10.4342 5.36804 10.0821 5.37643 9.77482C5.38566 9.40887 5.65339 9.13338 6.07304 9.13338H19.432V9.13257Z\" fill=\"white\"><\/path><path d=\"M19.432 13.0447C19.8777 13.0447 20.1278 13.3446 20.137 13.6853C20.1462 14.0284 19.8785 14.3496 19.458 14.3487L6.021 14.3463C5.61479 14.3463 5.36804 13.9942 5.37643 13.6869C5.38566 13.321 5.65339 13.0455 6.07304 13.0455H19.432V13.0447Z\" fill=\"white\"><\/path><path d=\"M7.39504 24.355C6.86545 24.963 6.80922 26.0878 6.00014 26.0878H4.74121C4.32408 26.0878 4.02026 25.7773 4.03117 25.4219C4.04376 25.0176 4.38115 24.7593 4.80248 24.7764C5.08028 24.787 5.33626 24.787 5.62666 24.7731L6.78404 22.5342C6.90238 22.3052 7.12731 22.1821 7.35727 22.1756C7.58724 22.1691 7.84322 22.2701 7.96324 22.4992L9.14664 24.7764L11.4169 24.7837C11.7996 24.7853 12.0749 25.0804 12.0816 25.4211C12.0883 25.7618 11.8131 26.0837 11.4094 26.0837L8.7698 26.0878C8.49283 26.0878 8.2528 25.9606 8.13026 25.7243L7.3942 24.355H7.39504Z\" fill=\"white\"><\/path><path d=\"M15.4077 16.957C15.8449 16.957 16.1001 17.257 16.1085 17.5977C16.1169 17.9383 15.8475 18.2611 15.4312 18.2611L6.0177 18.2578C5.61568 18.2578 5.36725 17.9082 5.3748 17.5985C5.38403 17.2333 5.65512 16.957 6.06889 16.957H15.4068H15.4077Z\" fill=\"white\"><\/path><\/g><defs><clippath id=\"clip0_2277_185\"><rect width=\"31\" height=\"30\" fill=\"white\"><\/rect><\/clippath><\/defs><\/svg>\t\t\t<\/div>\n\t\t<\/div>\n\t\t\t\t\t\t<\/div>\n\t\t\t\t<div class=\"elementor-element elementor-element-8e26519 elementor-widget elementor-widget-heading\" data-id=\"8e26519\" data-element_type=\"widget\" data-e-type=\"widget\" data-widget_type=\"heading.default\">\n\t\t\t\t\t<h2 class=\"elementor-heading-title elementor-size-default\">Endodoncia birradicular<\/h2>\t\t\t\t<\/div>\n\t\t\t\t<div class=\"elementor-element elementor-element-0ab0ec2 elementor-widget elementor-widget-text-editor\" data-id=\"0ab0ec2\" data-element_type=\"widget\" data-e-type=\"widget\" data-widget_type=\"text-editor.default\">\n\t\t\t\t\t\t\t\t\t<p>This procedure is performed on teeth with two canals, such as the lower premolars or the second upper premolars.<\/p>\t\t\t\t\t\t\t\t<\/div>\n\t\t\t\t<\/div>\n\t\t<div class=\"elementor-element elementor-element-edf5f6d e-con-full e-flex e-con e-child\" data-id=\"edf5f6d\" data-element_type=\"container\" data-e-type=\"container\" data-settings=\"{&quot;background_background&quot;:&quot;classic&quot;}\">\n\t\t\t\t<div class=\"elementor-element elementor-element-069d23c elementor-view-default elementor-widget elementor-widget-icon\" data-id=\"069d23c\" data-element_type=\"widget\" data-e-type=\"widget\" data-widget_type=\"icon.default\">\n\t\t\t\t\t\t\t<div class=\"elementor-icon-wrapper\">\n\t\t\t<div class=\"elementor-icon\">\n\t\t\t<svg xmlns=\"http:\/\/www.w3.org\/2000\/svg\" width=\"31\" height=\"30\" viewbox=\"0 0 31 30\" fill=\"none\"><g clip-path=\"url(#clip0_2277_185)\"><path d=\"M3.28918 28.6837L22.2168 28.6853C23.3197 28.6853 24.1657 27.7709 24.1665 26.739L24.1724 21.3019C24.1724 20.9262 24.467 20.6686 24.7993 20.6499C25.1703 20.6287 25.5119 20.8993 25.5119 21.297V26.7325C25.5119 28.5696 23.997 30.0008 22.1086 30.0008L3.36387 29.9967C1.49897 29.9951 0 28.5394 0 26.7292V3.27076C0 1.45974 1.49813 0.00489024 3.36303 0.0040752L22.1077 0C23.9978 0 25.511 1.4304 25.511 3.26913V8.70381C25.511 9.08281 25.1988 9.34525 24.8547 9.35177C24.5106 9.35829 24.1724 9.09259 24.1715 8.69893L24.1657 3.26179C24.1648 2.2275 23.3197 1.31547 22.216 1.31547L3.31435 1.31384C2.24342 1.31384 1.34538 2.18512 1.34538 3.22593V26.7765C1.34538 27.7831 2.20733 28.6845 3.2875 28.6845L3.28918 28.6837Z\" fill=\"white\"><\/path><path d=\"M18.0623 24.8351L14.3174 26.0495C14.0656 26.131 13.8164 26.0577 13.6569 25.9199C13.4563 25.7463 13.3741 25.4839 13.4656 25.2182L14.706 21.6059C14.8126 21.2946 14.9712 21.0566 15.218 20.817L26.7532 9.61343C27.5362 8.853 28.7532 8.81632 29.5656 9.54089C29.8644 9.80741 30.1305 10.0788 30.4142 10.3608C31.2073 11.1473 31.1905 12.3683 30.3865 13.1499L18.8538 24.3477C18.6213 24.5735 18.3922 24.7283 18.0623 24.8351ZM29.4926 12.1702C29.7318 11.8719 29.6915 11.5002 29.4356 11.2549L28.676 10.5206C28.4049 10.2589 27.9819 10.2663 27.7125 10.5312L26.472 11.7537L28.2119 13.4083L29.4926 12.1702ZM25.5144 12.6666L16.3955 21.522L18.1295 23.2059L27.2484 14.3504L25.5144 12.6666ZM16.8504 23.8245L15.7384 22.7519C15.5369 23.3338 15.3271 23.8228 15.2004 24.3803C15.8231 24.179 16.3376 24.0535 16.8504 23.8245Z\" fill=\"white\"><\/path><path d=\"M19.432 5.22021C19.8777 5.22021 20.1278 5.52015 20.137 5.86084C20.1462 6.20152 19.8785 6.52509 19.458 6.52428L6.021 6.52183C5.61479 6.52183 5.36804 6.16974 5.37643 5.86247C5.38566 5.49651 5.65339 5.22103 6.07304 5.22103H19.432V5.22021Z\" fill=\"white\"><\/path><path d=\"M19.432 9.13257C19.8777 9.13257 20.1278 9.4325 20.137 9.77319C20.1462 10.1163 19.8785 10.4374 19.458 10.4366L6.021 10.4342C5.61479 10.4342 5.36804 10.0821 5.37643 9.77482C5.38566 9.40887 5.65339 9.13338 6.07304 9.13338H19.432V9.13257Z\" fill=\"white\"><\/path><path d=\"M19.432 13.0447C19.8777 13.0447 20.1278 13.3446 20.137 13.6853C20.1462 14.0284 19.8785 14.3496 19.458 14.3487L6.021 14.3463C5.61479 14.3463 5.36804 13.9942 5.37643 13.6869C5.38566 13.321 5.65339 13.0455 6.07304 13.0455H19.432V13.0447Z\" fill=\"white\"><\/path><path d=\"M7.39504 24.355C6.86545 24.963 6.80922 26.0878 6.00014 26.0878H4.74121C4.32408 26.0878 4.02026 25.7773 4.03117 25.4219C4.04376 25.0176 4.38115 24.7593 4.80248 24.7764C5.08028 24.787 5.33626 24.787 5.62666 24.7731L6.78404 22.5342C6.90238 22.3052 7.12731 22.1821 7.35727 22.1756C7.58724 22.1691 7.84322 22.2701 7.96324 22.4992L9.14664 24.7764L11.4169 24.7837C11.7996 24.7853 12.0749 25.0804 12.0816 25.4211C12.0883 25.7618 11.8131 26.0837 11.4094 26.0837L8.7698 26.0878C8.49283 26.0878 8.2528 25.9606 8.13026 25.7243L7.3942 24.355H7.39504Z\" fill=\"white\"><\/path><path d=\"M15.4077 16.957C15.8449 16.957 16.1001 17.257 16.1085 17.5977C16.1169 17.9383 15.8475 18.2611 15.4312 18.2611L6.0177 18.2578C5.61568 18.2578 5.36725 17.9082 5.3748 17.5985C5.38403 17.2333 5.65512 16.957 6.06889 16.957H15.4068H15.4077Z\" fill=\"white\"><\/path><\/g><defs><clippath id=\"clip0_2277_185\"><rect width=\"31\" height=\"30\" fill=\"white\"><\/rect><\/clippath><\/defs><\/svg>\t\t\t<\/div>\n\t\t<\/div>\n\t\t\t\t\t\t<\/div>\n\t\t\t\t<div class=\"elementor-element elementor-element-d70eee7 elementor-widget elementor-widget-heading\" data-id=\"d70eee7\" data-element_type=\"widget\" data-e-type=\"widget\" data-widget_type=\"heading.default\">\n\t\t\t\t\t<h2 class=\"elementor-heading-title elementor-size-default\">Endodoncia multirradicular<\/h2>\t\t\t\t<\/div>\n\t\t\t\t<div class=\"elementor-element elementor-element-462bad2 elementor-widget elementor-widget-text-editor\" data-id=\"462bad2\" data-element_type=\"widget\" data-e-type=\"widget\" data-widget_type=\"text-editor.default\">\n\t\t\t\t\t\t\t\t\t<p data-start=\"25\" data-end=\"269\">This procedure is performed on teeth with three or more canals, such as the upper and lower molars.<\/p>\t\t\t\t\t\t\t\t<\/div>\n\t\t\t\t<\/div>\n\t\t\t\t<\/div>\n\t\t\t\t<\/div>\n\t\t<div class=\"elementor-element elementor-element-21a8a0e e-con-full e-flex e-con e-child\" data-id=\"21a8a0e\" data-element_type=\"container\" data-e-type=\"container\" data-settings=\"{&quot;background_background&quot;:&quot;classic&quot;}\">\n\t\t<div class=\"elementor-element elementor-element-2f79c64 e-con-full e-flex e-con e-child\" data-id=\"2f79c64\" data-element_type=\"container\" data-e-type=\"container\">\n\t\t\t\t<div class=\"elementor-element elementor-element-dfdc5e4 elementor-widget__width-initial elementor-widget elementor-widget-heading\" data-id=\"dfdc5e4\" data-element_type=\"widget\" data-e-type=\"widget\" data-widget_type=\"heading.default\">\n\t\t\t\t\t<h2 class=\"elementor-heading-title elementor-size-default\">What is dental pulp and why does it become inflamed or infected?<\/h2>\t\t\t\t<\/div>\n\t\t\t\t<div class=\"elementor-element elementor-element-51df494 elementor-widget elementor-widget-text-editor\" data-id=\"51df494\" data-element_type=\"widget\" data-e-type=\"widget\" data-widget_type=\"text-editor.default\">\n\t\t\t\t\t\t\t\t\t<p>The pulp is the soft tissue inside your tooth that contains nerves and blood vessels, providing essential nutrition. It can become infected for the following reasons:<\/p><ul><li>Deep decay, where bacteria reach this tissue and cause an infection.<\/li><li>A fractured tooth or molar, where the crack reaches the nerve, leaving it exposed to the oral cavity and contaminated by bacteria.<\/li><li>A severe injury or impact to the tooth. In these cases, the nerve dies due to the trauma; once the tissue is non-vital, it begins to decompose and becomes infected with bacteria. Therefore, it must be removed and cleaned to prevent more severe infections in the future.<\/li><\/ul>\t\t\t\t\t\t\t\t<\/div>\n\t\t\t\t<\/div>\n\t\t\t\t<\/div>\n\t\t\t\t<\/div>\n\t\t\t\t<\/div>\n\t\t<div class=\"elementor-element elementor-element-5443d81 e-flex e-con-boxed e-con e-parent\" data-id=\"5443d81\" data-element_type=\"container\" data-e-type=\"container\">\n\t\t\t\t\t<div class=\"e-con-inner\">\n\t\t<div class=\"elementor-element elementor-element-4ee280d e-grid e-con-full e-con e-child\" data-id=\"4ee280d\" data-element_type=\"container\" data-e-type=\"container\">\n\t\t<div class=\"elementor-element elementor-element-27166f2 e-con-full e-flex e-con e-child\" data-id=\"27166f2\" data-element_type=\"container\" data-e-type=\"container\">\n\t\t\t\t<div class=\"elementor-element elementor-element-234a3e0 elementor-widget-tablet__width-initial elementor-widget elementor-widget-heading\" data-id=\"234a3e0\" data-element_type=\"widget\" data-e-type=\"widget\" data-widget_type=\"heading.default\">\n\t\t\t\t\t<h2 class=\"elementor-heading-title elementor-size-default\">How to Care for Your Tooth After a Root Canal<\/h2>\t\t\t\t<\/div>\n\t\t\t\t<\/div>\n\t\t<div class=\"elementor-element elementor-element-907ce5f e-con-full e-flex e-con e-child\" data-id=\"907ce5f\" data-element_type=\"container\" data-e-type=\"container\">\n\t\t\t\t<div class=\"elementor-element elementor-element-28aef38 elementor-widget elementor-widget-text-editor\" data-id=\"28aef38\" data-element_type=\"widget\" data-e-type=\"widget\" data-widget_type=\"text-editor.default\">\n\t\t\t\t\t\t\t\t\t<p>Since the treatment involves the dental pulp or nerve\u2014the component that keeps the tooth alive\u2014removing it leaves the tooth brittle and susceptible to fracture. Therefore, it is ideal to protect it with a porcelain restoration, such as a crown or an inlay\/onlay, depending on the specialist's assessment. Only in rare cases is a simple filling used, as it increases the risk of fracture and potential tooth loss.<\/p>\t\t\t\t\t\t\t\t<\/div>\n\t\t\t\t<\/div>\n\t\t\t\t<\/div>\n\t\t\t\t\t<\/div>\n\t\t\t\t<\/div>\n\t\t<div class=\"elementor-element elementor-element-7034d55 e-con-full e-flex e-con e-parent\" data-id=\"7034d55\" data-element_type=\"container\" data-e-type=\"container\">\n\t\t<div class=\"elementor-element elementor-element-ef1c05a e-flex e-con-boxed e-con e-child\" data-id=\"ef1c05a\" data-element_type=\"container\" data-e-type=\"container\">\n\t\t\t\t\t<div class=\"e-con-inner\">\n\t\t<div class=\"elementor-element elementor-element-7b16d9c e-con-full e-flex e-con e-child\" data-id=\"7b16d9c\" data-element_type=\"container\" data-e-type=\"container\" data-settings=\"{&quot;background_background&quot;:&quot;classic&quot;}\">\n\t\t\t\t<div class=\"elementor-element elementor-element-5b9eef9 elementor-widget elementor-widget-heading\" data-id=\"5b9eef9\" data-element_type=\"widget\" data-e-type=\"widget\" data-widget_type=\"heading.default\">\n\t\t\t\t\t<h3 class=\"elementor-heading-title elementor-size-default translation-block\">Take care of your smile today start with an appointment<\/h3>\t\t\t\t<\/div>\n\t\t\t\t<div class=\"elementor-element elementor-element-d08885e elementor-widget elementor-widget-button\" data-id=\"d08885e\" data-element_type=\"widget\" data-e-type=\"widget\" data-widget_type=\"button.default\">\n\t\t\t\t\t\t\t\t\t\t<a class=\"elementor-button elementor-button-link elementor-size-sm\" href=\"https:\/\/api.whatsapp.com\/send?phone=50664592254&#038;text=Te%20escribo%20%20%20%20desde%20el%20sitio%20web%20de%20Drs%20Dents%2C%20necesito%20m%%20%20%20C3%A1s%20informaci%C3%B3n%20%20\">\n\t\t\t\t\t\t<span class=\"elementor-button-content-wrapper\">\n\t\t\t\t\t\t\t\t\t<span class=\"elementor-button-text\">Book an Appointment<\/span>\n\t\t\t\t\t<\/span>\n\t\t\t\t\t<\/a>\n\t\t\t\t\t\t\t\t<\/div>\n\t\t\t\t<\/div>\n\t\t\t\t\t<\/div>\n\t\t\t\t<\/div>\n\t\t\t\t<\/div>\n\t\t\t\t<\/div>","protected":false},"excerpt":{"rendered":"<p>Endodoncia \u00bfQu\u00e9 es la endodoncia? La endodoncia, tambi\u00e9n conocida como tratamiento de nervio, es un procedimiento que elimina la pulpa dental da\u00f1ada o infectada para limpiar y desinfectar el conducto del diente, evitando la propagaci\u00f3n de bacterias. Se realiza principalmente por caries profundas, aunque tambi\u00e9n puede ser necesaria por traumatismos, fracturas o desgaste dental. Entre [&hellip;]<\/p>\n","protected":false},"author":1,"featured_media":0,"parent":247,"menu_order":0,"comment_status":"closed","ping_status":"closed","template":"","meta":{"footnotes":""},"class_list":["post-530","page","type-page","status-publish","hentry"],"_hostinger_reach_plugin_has_subscription_block":false,"_hostinger_reach_plugin_is_elementor":false,"_links":{"self":[{"href":"https:\/\/staging.drsdent.com\/en\/wp-json\/wp\/v2\/pages\/530","targetHints":{"allow":["GET"]}}],"collection":[{"href":"https:\/\/staging.drsdent.com\/en\/wp-json\/wp\/v2\/pages"}],"about":[{"href":"https:\/\/staging.drsdent.com\/en\/wp-json\/wp\/v2\/types\/page"}],"author":[{"embeddable":true,"href":"https:\/\/staging.drsdent.com\/en\/wp-json\/wp\/v2\/users\/1"}],"replies":[{"embeddable":true,"href":"https:\/\/staging.drsdent.com\/en\/wp-json\/wp\/v2\/comments?post=530"}],"version-history":[{"count":43,"href":"https:\/\/staging.drsdent.com\/en\/wp-json\/wp\/v2\/pages\/530\/revisions"}],"predecessor-version":[{"id":1471,"href":"https:\/\/staging.drsdent.com\/en\/wp-json\/wp\/v2\/pages\/530\/revisions\/1471"}],"up":[{"embeddable":true,"href":"https:\/\/staging.drsdent.com\/en\/wp-json\/wp\/v2\/pages\/247"}],"wp:attachment":[{"href":"https:\/\/staging.drsdent.com\/en\/wp-json\/wp\/v2\/media?parent=530"}],"curies":[{"name":"wp","href":"https:\/\/api.w.org\/{rel}","templated":true}]}}