{"id":525,"date":"2026-03-12T17:36:00","date_gmt":"2026-03-12T17:36:00","guid":{"rendered":"https:\/\/staging.drsdent.com\/?page_id=525"},"modified":"2026-04-13T20:25:22","modified_gmt":"2026-04-13T20:25:22","slug":"prostodoncia","status":"publish","type":"page","link":"https:\/\/staging.drsdent.com\/en\/especialidades\/prostodoncia\/","title":{"rendered":"Prosthodontics"},"content":{"rendered":"<div data-elementor-type=\"wp-page\" data-elementor-id=\"525\" class=\"elementor elementor-525\" data-elementor-post-type=\"page\">\n\t\t\t\t<div class=\"elementor-element elementor-element-06c6475 e-con-full e-flex e-con e-parent\" data-id=\"06c6475\" data-element_type=\"container\" data-e-type=\"container\" data-settings=\"{&quot;background_background&quot;:&quot;classic&quot;}\">\n\t\t<div class=\"elementor-element elementor-element-53abfb0 e-con-full e-flex e-con e-child\" data-id=\"53abfb0\" data-element_type=\"container\" data-e-type=\"container\">\n\t\t\t\t<div class=\"elementor-element elementor-element-5b3a2c1 elementor-widget__width-initial elementor-widget elementor-widget-heading\" data-id=\"5b3a2c1\" data-element_type=\"widget\" data-e-type=\"widget\" data-widget_type=\"heading.default\">\n\t\t\t\t\t<h1 class=\"elementor-heading-title elementor-size-default\">Prosthodontics<\/h1>\t\t\t\t<\/div>\n\t\t\t\t<\/div>\n\t\t\t\t<\/div>\n\t\t<div class=\"elementor-element elementor-element-bcb494b e-con-full e-flex e-con e-parent\" data-id=\"bcb494b\" data-element_type=\"container\" data-e-type=\"container\">\n\t\t<div class=\"elementor-element elementor-element-c7a4773 e-con-full e-flex e-con e-child\" data-id=\"c7a4773\" data-element_type=\"container\" data-e-type=\"container\">\n\t\t\t\t<div class=\"elementor-element elementor-element-3502562 elementor-widget-mobile__width-initial elementor-widget__width-inherit elementor-widget elementor-widget-heading\" data-id=\"3502562\" data-element_type=\"widget\" data-e-type=\"widget\" data-widget_type=\"heading.default\">\n\t\t\t\t\t<h2 class=\"elementor-heading-title elementor-size-default\">What is Prosthodontics?<\/h2>\t\t\t\t<\/div>\n\t\t\t\t<div class=\"elementor-element elementor-element-9be67ed elementor-widget__width-initial elementor-widget elementor-widget-text-editor\" data-id=\"9be67ed\" data-element_type=\"widget\" data-e-type=\"widget\" data-widget_type=\"text-editor.default\">\n\t\t\t\t\t\t\t\t\t<p data-start=\"18\" data-end=\"207\">Prosthodontics is the dental specialty responsible for restoring the function and aesthetics of your smile through dental prosthetics when one or more teeth have been lost.<\/p><p data-start=\"209\" data-end=\"458\" data-is-last-node=\"\" data-is-only-node=\"\">The dentist works closely with the dental technician to design and craft the most suitable prosthesis for each patient. Depending on individual needs, these can be fixed prostheses, such as implants and bridges, or removable dentures.<\/p>\t\t\t\t\t\t\t\t<\/div>\n\t\t\t\t<\/div>\n\t\t<div class=\"elementor-element elementor-element-332ef93 e-con-full e-flex e-con e-child\" data-id=\"332ef93\" data-element_type=\"container\" data-e-type=\"container\">\n\t\t<div class=\"elementor-element elementor-element-8fa63f4 e-flex e-con-boxed e-con e-child\" data-id=\"8fa63f4\" data-element_type=\"container\" data-e-type=\"container\">\n\t\t\t\t\t<div class=\"e-con-inner\">\n\t\t\t\t<div class=\"elementor-element elementor-element-11dccb3 elementor-widget elementor-widget-video\" data-id=\"11dccb3\" data-element_type=\"widget\" data-e-type=\"widget\" data-settings=\"{&quot;youtube_url&quot;:&quot;https:\\\/\\\/www.youtube.com\\\/watch?v=-8sh5LP05is&quot;,&quot;video_type&quot;:&quot;youtube&quot;,&quot;controls&quot;:&quot;yes&quot;}\" data-widget_type=\"video.default\">\n\t\t\t\t\t\t\t<div class=\"elementor-wrapper elementor-open-inline\">\n\t\t\t<div class=\"elementor-video\"><\/div>\t\t<\/div>\n\t\t\t\t\t\t<\/div>\n\t\t\t\t\t<\/div>\n\t\t\t\t<\/div>\n\t\t\t\t<\/div>\n\t\t\t\t<\/div>\n\t\t<div class=\"elementor-element elementor-element-9630040 e-con-full e-flex e-con e-parent\" data-id=\"9630040\" data-element_type=\"container\" data-e-type=\"container\">\n\t\t<div class=\"elementor-element elementor-element-28e48fa e-con-full e-flex e-con e-child\" data-id=\"28e48fa\" data-element_type=\"container\" data-e-type=\"container\" data-settings=\"{&quot;background_background&quot;:&quot;classic&quot;}\">\n\t\t<div class=\"elementor-element elementor-element-250b961 e-con-full e-flex e-con e-child\" data-id=\"250b961\" data-element_type=\"container\" data-e-type=\"container\">\n\t\t\t\t<div class=\"elementor-element elementor-element-b14c48e elementor-widget elementor-widget-heading\" data-id=\"b14c48e\" data-element_type=\"widget\" data-e-type=\"widget\" data-widget_type=\"heading.default\">\n\t\t\t\t\t<h2 class=\"elementor-heading-title elementor-size-default\">Types of Prosthodontics<\/h2>\t\t\t\t<\/div>\n\t\t\t\t<div class=\"elementor-element elementor-element-79aa248 elementor-widget__width-initial elementor-widget elementor-widget-text-editor\" data-id=\"79aa248\" data-element_type=\"widget\" data-e-type=\"widget\" data-widget_type=\"text-editor.default\">\n\t\t\t\t\t\t\t\t\t<p>Dental prosthetics include a wide range of solutions, such as veneers, crowns, and bridges, as well as porcelain teeth or other materials attached to previously placed implants. They also encompass dentures or removable prostheses, whether partial or full.<\/p>\t\t\t\t\t\t\t\t<\/div>\n\t\t\t\t<\/div>\n\t\t<div class=\"elementor-element elementor-element-6c37f9d e-con-full e-flex e-con e-child\" data-id=\"6c37f9d\" data-element_type=\"container\" data-e-type=\"container\">\n\t\t\t\t<div class=\"elementor-element elementor-element-16bfb47 elementor-widget elementor-widget-heading\" data-id=\"16bfb47\" data-element_type=\"widget\" data-e-type=\"widget\" data-widget_type=\"heading.default\">\n\t\t\t\t\t<h2 class=\"elementor-heading-title elementor-size-default\">How is a prosthodontic procedure performed?<\/h2>\t\t\t\t<\/div>\n\t\t\t\t<div class=\"elementor-element elementor-element-4f9c7a6 elementor-widget__width-initial elementor-widget elementor-widget-text-editor\" data-id=\"4f9c7a6\" data-element_type=\"widget\" data-e-type=\"widget\" data-widget_type=\"text-editor.default\">\n\t\t\t\t\t\t\t\t\t<p data-start=\"0\" data-end=\"195\">Before treatment, the dentist takes impressions of your teeth so the laboratory can craft a prosthesis that fits perfectly and matches the color of your natural teeth.<\/p><p data-start=\"197\" data-end=\"347\" data-is-last-node=\"\" data-is-only-node=\"\">Once placed, regular follow-ups and maintenance are performed to ensure proper function and to make any necessary adjustments.<\/p>\t\t\t\t\t\t\t\t<\/div>\n\t\t\t\t<\/div>\n\t\t\t\t<\/div>\n\t\t<div class=\"elementor-element elementor-element-6cef158 e-con-full e-flex e-con e-child\" data-id=\"6cef158\" data-element_type=\"container\" data-e-type=\"container\" data-settings=\"{&quot;background_background&quot;:&quot;classic&quot;}\">\n\t\t\t\t<div class=\"elementor-element elementor-element-6ed7dad elementor-widget elementor-widget-heading\" data-id=\"6ed7dad\" data-element_type=\"widget\" data-e-type=\"widget\" data-widget_type=\"heading.default\">\n\t\t\t\t\t<h2 class=\"elementor-heading-title elementor-size-default\">All in four Dental Implants<\/h2>\t\t\t\t<\/div>\n\t\t\t\t<div class=\"elementor-element elementor-element-bc33a86 elementor-widget__width-initial elementor-widget elementor-widget-text-editor\" data-id=\"bc33a86\" data-element_type=\"widget\" data-e-type=\"widget\" data-widget_type=\"text-editor.default\">\n\t\t\t\t\t\t\t\t\t<p data-start=\"30\" data-end=\"201\">These are fixed prostheses placed over dental implants, which function as artificial roots to support one or more teeth, or even the entire arch.<\/p><p data-start=\"203\" data-end=\"484\" data-is-last-node=\"\" data-is-only-node=\"\">They offer superior stability, comfort, and a natural appearance, as the implants are biocompatible and integrate with the bone. In cases where all teeth are missing, 4 or 6 implants (All-on-4 or All-on-6) can be placed to fully restore dental function.<\/p>\t\t\t\t\t\t\t\t<\/div>\n\t\t\t\t<\/div>\n\t\t\t\t<\/div>\n\t\t<div class=\"elementor-element elementor-element-7034d55 e-con-full e-flex e-con e-parent\" data-id=\"7034d55\" data-element_type=\"container\" data-e-type=\"container\">\n\t\t<div class=\"elementor-element elementor-element-ef1c05a e-flex e-con-boxed e-con e-child\" data-id=\"ef1c05a\" data-element_type=\"container\" data-e-type=\"container\">\n\t\t\t\t\t<div class=\"e-con-inner\">\n\t\t<div class=\"elementor-element elementor-element-7b16d9c e-con-full e-flex e-con e-child\" data-id=\"7b16d9c\" data-element_type=\"container\" data-e-type=\"container\" data-settings=\"{&quot;background_background&quot;:&quot;classic&quot;}\">\n\t\t\t\t<div class=\"elementor-element elementor-element-5b9eef9 elementor-widget elementor-widget-heading\" data-id=\"5b9eef9\" data-element_type=\"widget\" data-e-type=\"widget\" data-widget_type=\"heading.default\">\n\t\t\t\t\t<h3 class=\"elementor-heading-title elementor-size-default translation-block\">Take care of your smile today start with an appointment<\/h3>\t\t\t\t<\/div>\n\t\t\t\t<div class=\"elementor-element elementor-element-d08885e elementor-widget elementor-widget-button\" data-id=\"d08885e\" data-element_type=\"widget\" data-e-type=\"widget\" data-widget_type=\"button.default\">\n\t\t\t\t\t\t\t\t\t\t<a class=\"elementor-button elementor-button-link elementor-size-sm\" href=\"https:\/\/api.whatsapp.com\/send?phone=50664592254&#038;text=Te%20escribo%20%20%20%20desde%20el%20sitio%20web%20de%20Drs%20Dents%2C%20necesito%20m%%20%20%20C3%A1s%20informaci%C3%B3n%20%20\">\n\t\t\t\t\t\t<span class=\"elementor-button-content-wrapper\">\n\t\t\t\t\t\t\t\t\t<span class=\"elementor-button-text\">Book an Appointment<\/span>\n\t\t\t\t\t<\/span>\n\t\t\t\t\t<\/a>\n\t\t\t\t\t\t\t\t<\/div>\n\t\t\t\t<\/div>\n\t\t\t\t\t<\/div>\n\t\t\t\t<\/div>\n\t\t\t\t<\/div>\n\t\t\t\t<\/div>","protected":false},"excerpt":{"rendered":"<p>Prostodoncia \u00bfQu\u00e9 es la prostodoncia? La prostodoncia es la especialidad de la odontolog\u00eda encargada de restaurar la funci\u00f3n y la est\u00e9tica de la sonrisa mediante pr\u00f3tesis dentales cuando se han perdido uno o varios dientes. El odont\u00f3logo trabaja junto con el t\u00e9cnico dental para dise\u00f1ar y fabricar las pr\u00f3tesis m\u00e1s adecuadas para cada paciente. Estas [&hellip;]<\/p>\n","protected":false},"author":1,"featured_media":0,"parent":247,"menu_order":0,"comment_status":"closed","ping_status":"closed","template":"","meta":{"footnotes":""},"class_list":["post-525","page","type-page","status-publish","hentry"],"_hostinger_reach_plugin_has_subscription_block":false,"_hostinger_reach_plugin_is_elementor":false,"_links":{"self":[{"href":"https:\/\/staging.drsdent.com\/en\/wp-json\/wp\/v2\/pages\/525","targetHints":{"allow":["GET"]}}],"collection":[{"href":"https:\/\/staging.drsdent.com\/en\/wp-json\/wp\/v2\/pages"}],"about":[{"href":"https:\/\/staging.drsdent.com\/en\/wp-json\/wp\/v2\/types\/page"}],"author":[{"embeddable":true,"href":"https:\/\/staging.drsdent.com\/en\/wp-json\/wp\/v2\/users\/1"}],"replies":[{"embeddable":true,"href":"https:\/\/staging.drsdent.com\/en\/wp-json\/wp\/v2\/comments?post=525"}],"version-history":[{"count":34,"href":"https:\/\/staging.drsdent.com\/en\/wp-json\/wp\/v2\/pages\/525\/revisions"}],"predecessor-version":[{"id":1493,"href":"https:\/\/staging.drsdent.com\/en\/wp-json\/wp\/v2\/pages\/525\/revisions\/1493"}],"up":[{"embeddable":true,"href":"https:\/\/staging.drsdent.com\/en\/wp-json\/wp\/v2\/pages\/247"}],"wp:attachment":[{"href":"https:\/\/staging.drsdent.com\/en\/wp-json\/wp\/v2\/media?parent=525"}],"curies":[{"name":"wp","href":"https:\/\/api.w.org\/{rel}","templated":true}]}}