{"id":520,"date":"2026-03-12T17:27:24","date_gmt":"2026-03-12T17:27:24","guid":{"rendered":"https:\/\/staging.drsdent.com\/?page_id=520"},"modified":"2026-04-13T20:24:21","modified_gmt":"2026-04-13T20:24:21","slug":"periodoncia","status":"publish","type":"page","link":"https:\/\/staging.drsdent.com\/en\/especialidades\/periodoncia\/","title":{"rendered":"Periodontics"},"content":{"rendered":"<div data-elementor-type=\"wp-page\" data-elementor-id=\"520\" class=\"elementor elementor-520\" data-elementor-post-type=\"page\">\n\t\t\t\t<div class=\"elementor-element elementor-element-06c6475 e-con-full e-flex e-con e-parent\" data-id=\"06c6475\" data-element_type=\"container\" data-e-type=\"container\" data-settings=\"{&quot;background_background&quot;:&quot;classic&quot;}\">\n\t\t<div class=\"elementor-element elementor-element-53abfb0 e-con-full e-flex e-con e-child\" data-id=\"53abfb0\" data-element_type=\"container\" data-e-type=\"container\">\n\t\t\t\t<div class=\"elementor-element elementor-element-5b3a2c1 elementor-widget__width-initial elementor-widget elementor-widget-heading\" data-id=\"5b3a2c1\" data-element_type=\"widget\" data-e-type=\"widget\" data-widget_type=\"heading.default\">\n\t\t\t\t\t<h1 class=\"elementor-heading-title elementor-size-default\">Periodontics<\/h1>\t\t\t\t<\/div>\n\t\t\t\t<\/div>\n\t\t\t\t<\/div>\n\t\t<div class=\"elementor-element elementor-element-bcb494b e-con-full e-flex e-con e-parent\" data-id=\"bcb494b\" data-element_type=\"container\" data-e-type=\"container\">\n\t\t<div class=\"elementor-element elementor-element-c7a4773 e-con-full e-flex e-con e-child\" data-id=\"c7a4773\" data-element_type=\"container\" data-e-type=\"container\">\n\t\t\t\t<div class=\"elementor-element elementor-element-3502562 elementor-widget-mobile__width-initial elementor-widget-tablet__width-initial elementor-widget__width-inherit elementor-widget elementor-widget-heading\" data-id=\"3502562\" data-element_type=\"widget\" data-e-type=\"widget\" data-widget_type=\"heading.default\">\n\t\t\t\t\t<h2 class=\"elementor-heading-title elementor-size-default\">What is Periodontics?<\/h2>\t\t\t\t<\/div>\n\t\t\t\t<div class=\"elementor-element elementor-element-9be67ed elementor-widget__width-initial elementor-widget elementor-widget-text-editor\" data-id=\"9be67ed\" data-element_type=\"widget\" data-e-type=\"widget\" data-widget_type=\"text-editor.default\">\n\t\t\t\t\t\t\t\t\t<p>Periodontics is the branch of dentistry that treats diseases of the gums and the bone that supports the teeth. This is because gum diseases, such as gingivitis and periodontitis, are among the most common causes of tooth loss; therefore, their control is fundamental to your oral health.<\/p>\t\t\t\t\t\t\t\t<\/div>\n\t\t\t\t<\/div>\n\t\t<div class=\"elementor-element elementor-element-332ef93 e-con-full e-flex e-con e-child\" data-id=\"332ef93\" data-element_type=\"container\" data-e-type=\"container\">\n\t\t<div class=\"elementor-element elementor-element-72381e9 e-flex e-con-boxed e-con e-child\" data-id=\"72381e9\" data-element_type=\"container\" data-e-type=\"container\">\n\t\t\t\t\t<div class=\"e-con-inner\">\n\t\t\t\t<div class=\"elementor-element elementor-element-11dccb3 elementor-widget elementor-widget-video\" data-id=\"11dccb3\" data-element_type=\"widget\" data-e-type=\"widget\" data-settings=\"{&quot;youtube_url&quot;:&quot;https:\\\/\\\/www.youtube.com\\\/watch?v=HrObih6B_1s&quot;,&quot;video_type&quot;:&quot;youtube&quot;,&quot;controls&quot;:&quot;yes&quot;}\" data-widget_type=\"video.default\">\n\t\t\t\t\t\t\t<div class=\"elementor-wrapper elementor-open-inline\">\n\t\t\t<div class=\"elementor-video\"><\/div>\t\t<\/div>\n\t\t\t\t\t\t<\/div>\n\t\t\t\t\t<\/div>\n\t\t\t\t<\/div>\n\t\t\t\t<\/div>\n\t\t<div class=\"elementor-element elementor-element-e0706e3 e-con-full e-flex e-con e-child\" data-id=\"e0706e3\" data-element_type=\"container\" data-e-type=\"container\">\n\t\t<div class=\"elementor-element elementor-element-250b961 e-con-full e-flex e-con e-child\" data-id=\"250b961\" data-element_type=\"container\" data-e-type=\"container\">\n\t\t\t\t<div class=\"elementor-element elementor-element-b14c48e elementor-widget__width-initial elementor-widget elementor-widget-heading\" data-id=\"b14c48e\" data-element_type=\"widget\" data-e-type=\"widget\" data-widget_type=\"heading.default\">\n\t\t\t\t\t<h2 class=\"elementor-heading-title elementor-size-default\">What are the most common conditions treated in periodontics?<\/h2>\t\t\t\t<\/div>\n\t\t\t\t<div class=\"elementor-element elementor-element-79aa248 elementor-widget__width-initial elementor-widget elementor-widget-text-editor\" data-id=\"79aa248\" data-element_type=\"widget\" data-e-type=\"widget\" data-widget_type=\"text-editor.default\">\n\t\t\t\t\t\t\t\t\t<p data-start=\"32\" data-end=\"343\">The most common periodontal diseases are gingivitis and periodontitis, generally caused by the buildup of bacterial plaque due to poor oral hygiene. This leads to gum inflammation, bleeding, bad breath, tooth sensitivity, and even tooth mobility.<\/p><p data-start=\"345\" data-end=\"630\" data-is-last-node=\"\" data-is-only-node=\"\">While gingivitis can be treated and reversed, periodontitis can cause irreversible damage if not detected in time. That is why maintaining good oral hygiene and visiting the dentist regularly is essential to preventing and treating these diseases early.<\/p>\t\t\t\t\t\t\t\t<\/div>\n\t\t\t\t<\/div>\n\t\t\t\t<\/div>\n\t\t\t\t<\/div>\n\t\t<div class=\"elementor-element elementor-element-7034d55 e-con-full e-flex e-con e-parent\" data-id=\"7034d55\" data-element_type=\"container\" data-e-type=\"container\">\n\t\t<div class=\"elementor-element elementor-element-ef1c05a e-flex e-con-boxed e-con e-child\" data-id=\"ef1c05a\" data-element_type=\"container\" data-e-type=\"container\">\n\t\t\t\t\t<div class=\"e-con-inner\">\n\t\t<div class=\"elementor-element elementor-element-7b16d9c e-con-full e-flex e-con e-child\" data-id=\"7b16d9c\" data-element_type=\"container\" data-e-type=\"container\" data-settings=\"{&quot;background_background&quot;:&quot;classic&quot;}\">\n\t\t\t\t<div class=\"elementor-element elementor-element-5b9eef9 elementor-widget elementor-widget-heading\" data-id=\"5b9eef9\" data-element_type=\"widget\" data-e-type=\"widget\" data-widget_type=\"heading.default\">\n\t\t\t\t\t<h3 class=\"elementor-heading-title elementor-size-default translation-block\">Take care of your smile today start with an appointment<\/h3>\t\t\t\t<\/div>\n\t\t\t\t<div class=\"elementor-element elementor-element-d08885e elementor-widget elementor-widget-button\" data-id=\"d08885e\" data-element_type=\"widget\" data-e-type=\"widget\" data-widget_type=\"button.default\">\n\t\t\t\t\t\t\t\t\t\t<a class=\"elementor-button elementor-button-link elementor-size-sm\" href=\"https:\/\/api.whatsapp.com\/send?phone=50664592254&#038;text=Te%20escribo%20%20%20%20desde%20el%20sitio%20web%20de%20Drs%20Dents%2C%20necesito%20m%%20%20%20C3%A1s%20informaci%C3%B3n%20%20\">\n\t\t\t\t\t\t<span class=\"elementor-button-content-wrapper\">\n\t\t\t\t\t\t\t\t\t<span class=\"elementor-button-text\">Book an Appointment<\/span>\n\t\t\t\t\t<\/span>\n\t\t\t\t\t<\/a>\n\t\t\t\t\t\t\t\t<\/div>\n\t\t\t\t<\/div>\n\t\t\t\t\t<\/div>\n\t\t\t\t<\/div>\n\t\t\t\t<\/div>\n\t\t\t\t<\/div>","protected":false},"excerpt":{"rendered":"<p>Periodoncia \u00bfQu\u00e9 es la periodoncia? La periodoncia es la rama de la\u00a0odontolog\u00eda\u00a0que trata las enfermedades de las enc\u00edas y del hueso que sostiene los dientes. Lo anterior debido a que las enfermedades de las enc\u00edas como la gingivitis y periodontitis son de las causas m\u00e1s comunes de p\u00e9rdida de dientes; por lo tanto, su control [&hellip;]<\/p>\n","protected":false},"author":1,"featured_media":0,"parent":247,"menu_order":0,"comment_status":"closed","ping_status":"closed","template":"","meta":{"footnotes":""},"class_list":["post-520","page","type-page","status-publish","hentry"],"_hostinger_reach_plugin_has_subscription_block":false,"_hostinger_reach_plugin_is_elementor":false,"_links":{"self":[{"href":"https:\/\/staging.drsdent.com\/en\/wp-json\/wp\/v2\/pages\/520","targetHints":{"allow":["GET"]}}],"collection":[{"href":"https:\/\/staging.drsdent.com\/en\/wp-json\/wp\/v2\/pages"}],"about":[{"href":"https:\/\/staging.drsdent.com\/en\/wp-json\/wp\/v2\/types\/page"}],"author":[{"embeddable":true,"href":"https:\/\/staging.drsdent.com\/en\/wp-json\/wp\/v2\/users\/1"}],"replies":[{"embeddable":true,"href":"https:\/\/staging.drsdent.com\/en\/wp-json\/wp\/v2\/comments?post=520"}],"version-history":[{"count":43,"href":"https:\/\/staging.drsdent.com\/en\/wp-json\/wp\/v2\/pages\/520\/revisions"}],"predecessor-version":[{"id":1490,"href":"https:\/\/staging.drsdent.com\/en\/wp-json\/wp\/v2\/pages\/520\/revisions\/1490"}],"up":[{"embeddable":true,"href":"https:\/\/staging.drsdent.com\/en\/wp-json\/wp\/v2\/pages\/247"}],"wp:attachment":[{"href":"https:\/\/staging.drsdent.com\/en\/wp-json\/wp\/v2\/media?parent=520"}],"curies":[{"name":"wp","href":"https:\/\/api.w.org\/{rel}","templated":true}]}}