{"id":387,"date":"2026-03-11T15:01:56","date_gmt":"2026-03-11T15:01:56","guid":{"rendered":"https:\/\/staging.drsdent.com\/?page_id=387"},"modified":"2026-04-13T20:23:28","modified_gmt":"2026-04-13T20:23:28","slug":"ortodoncia","status":"publish","type":"page","link":"https:\/\/staging.drsdent.com\/en\/especialidades\/ortodoncia\/","title":{"rendered":"Orthodontics"},"content":{"rendered":"<div data-elementor-type=\"wp-page\" data-elementor-id=\"387\" class=\"elementor elementor-387\" data-elementor-post-type=\"page\">\n\t\t\t\t<div class=\"elementor-element elementor-element-abcbe5e e-con-full e-flex e-con e-parent\" data-id=\"abcbe5e\" data-element_type=\"container\" data-e-type=\"container\" data-settings=\"{&quot;background_background&quot;:&quot;classic&quot;}\">\n\t\t<div class=\"elementor-element elementor-element-3d2b44e e-con-full e-flex e-con e-child\" data-id=\"3d2b44e\" data-element_type=\"container\" data-e-type=\"container\">\n\t\t\t\t<div class=\"elementor-element elementor-element-00f3f1e elementor-widget elementor-widget-heading\" data-id=\"00f3f1e\" data-element_type=\"widget\" data-e-type=\"widget\" data-widget_type=\"heading.default\">\n\t\t\t\t\t<h2 class=\"elementor-heading-title elementor-size-default\">Orthodontics<\/h2>\t\t\t\t<\/div>\n\t\t\t\t<\/div>\n\t\t\t\t<\/div>\n\t\t<div class=\"elementor-element elementor-element-94afb1c e-con-full e-flex e-con e-parent\" data-id=\"94afb1c\" data-element_type=\"container\" data-e-type=\"container\">\n\t\t<div class=\"elementor-element elementor-element-d99fbed e-grid e-con-boxed e-con e-child\" data-id=\"d99fbed\" data-element_type=\"container\" data-e-type=\"container\">\n\t\t\t\t\t<div class=\"e-con-inner\">\n\t\t<div class=\"elementor-element elementor-element-70e83d6 e-con-full e-flex e-con e-child\" data-id=\"70e83d6\" data-element_type=\"container\" data-e-type=\"container\">\n\t\t\t\t<div class=\"elementor-element elementor-element-7cead1a elementor-widget-mobile__width-initial elementor-widget elementor-widget-heading\" data-id=\"7cead1a\" data-element_type=\"widget\" data-e-type=\"widget\" data-widget_type=\"heading.default\">\n\t\t\t\t\t<h2 class=\"elementor-heading-title elementor-size-default\">What is Orthodontics?<\/h2>\t\t\t\t<\/div>\n\t\t\t\t<div class=\"elementor-element elementor-element-c0dd779 elementor-widget__width-initial elementor-widget elementor-widget-text-editor\" data-id=\"c0dd779\" data-element_type=\"widget\" data-e-type=\"widget\" data-widget_type=\"text-editor.default\">\n\t\t\t\t\t\t\t\t\t<p>Orthodontics is the dental specialty that corrects the position of teeth and jaws to improve masticatory function, facial balance, and smile aesthetics, primarily treating malocclusion issues.<\/p>\t\t\t\t\t\t\t\t<\/div>\n\t\t\t\t<\/div>\n\t\t<div class=\"elementor-element elementor-element-19350b4 e-con-full e-flex e-con e-child\" data-id=\"19350b4\" data-element_type=\"container\" data-e-type=\"container\">\n\t\t\t\t<div class=\"elementor-element elementor-element-4d86572 elementor-widget elementor-widget-image\" data-id=\"4d86572\" data-element_type=\"widget\" data-e-type=\"widget\" data-widget_type=\"image.default\">\n\t\t\t\t\t\t\t\t\t\t\t\t\t\t\t<img fetchpriority=\"high\" decoding=\"async\" width=\"706\" height=\"481\" src=\"https:\/\/staging.drsdent.com\/wp-content\/uploads\/2026\/03\/ortodoncia.svg\" class=\"attachment-large size-large wp-image-391\" alt=\"Ortodoncia\" \/>\t\t\t\t\t\t\t\t\t\t\t\t\t\t\t<\/div>\n\t\t\t\t<\/div>\n\t\t\t\t\t<\/div>\n\t\t\t\t<\/div>\n\t\t<div class=\"elementor-element elementor-element-6a59381 e-con-full e-flex e-con e-child\" data-id=\"6a59381\" data-element_type=\"container\" data-e-type=\"container\">\n\t\t<div class=\"elementor-element elementor-element-27de03b e-con-full e-flex e-con e-child\" data-id=\"27de03b\" data-element_type=\"container\" data-e-type=\"container\">\n\t\t\t\t<div class=\"elementor-element elementor-element-8838f98 elementor-widget elementor-widget-heading\" data-id=\"8838f98\" data-element_type=\"widget\" data-e-type=\"widget\" data-widget_type=\"heading.default\">\n\t\t\t\t\t<h2 class=\"elementor-heading-title elementor-size-default\">Orthodontics for <\/h2>\t\t\t\t<\/div>\n\t\t\t\t<div class=\"elementor-element elementor-element-983dac6 elementor-widget elementor-widget-heading\" data-id=\"983dac6\" data-element_type=\"widget\" data-e-type=\"widget\" data-widget_type=\"heading.default\">\n\t\t\t\t\t<h2 class=\"elementor-heading-title elementor-size-default\">every smile<\/h2>\t\t\t\t<\/div>\n\t\t\t\t<div class=\"elementor-element elementor-element-8b407d3 elementor-widget__width-initial elementor-widget elementor-widget-text-editor\" data-id=\"8b407d3\" data-element_type=\"widget\" data-e-type=\"widget\" data-widget_type=\"text-editor.default\">\n\t\t\t\t\t\t\t\t\t<p>Correct your tooth alignment with personalized treatments like traditional braces or clear aligners. We also offer innovative options such as Smile Design to ensure your smile is not only more harmonious but also fully functional. With our orthodontic care, you can achieve the smile you've always dreamed of.<\/p>\t\t\t\t\t\t\t\t<\/div>\n\t\t\t\t<\/div>\n\t\t\t\t<\/div>\n\t\t\t\t<\/div>\n\t\t<div class=\"elementor-element elementor-element-50349c4 e-con-full e-flex e-con e-parent\" data-id=\"50349c4\" data-element_type=\"container\" data-e-type=\"container\">\n\t\t<div class=\"elementor-element elementor-element-b2ba116 e-flex e-con-boxed e-con e-child\" data-id=\"b2ba116\" data-element_type=\"container\" data-e-type=\"container\">\n\t\t\t\t\t<div class=\"e-con-inner\">\n\t\t\t\t<div class=\"elementor-element elementor-element-c268cce elementor-widget elementor-widget-video\" data-id=\"c268cce\" data-element_type=\"widget\" data-e-type=\"widget\" data-settings=\"{&quot;youtube_url&quot;:&quot;https:\\\/\\\/www.youtube.com\\\/watch?v=YiagUPPTeks&quot;,&quot;video_type&quot;:&quot;youtube&quot;,&quot;controls&quot;:&quot;yes&quot;}\" data-widget_type=\"video.default\">\n\t\t\t\t\t\t\t<div class=\"elementor-wrapper elementor-open-inline\">\n\t\t\t<div class=\"elementor-video\"><\/div>\t\t<\/div>\n\t\t\t\t\t\t<\/div>\n\t\t\t\t\t<\/div>\n\t\t\t\t<\/div>\n\t\t\t\t<\/div>\n\t\t<div class=\"elementor-element elementor-element-4ba8de6 e-flex e-con-boxed e-con e-parent\" data-id=\"4ba8de6\" data-element_type=\"container\" data-e-type=\"container\">\n\t\t\t\t\t<div class=\"e-con-inner\">\n\t\t<div class=\"elementor-element elementor-element-9fdbd45 e-con-full e-flex e-con e-child\" data-id=\"9fdbd45\" data-element_type=\"container\" data-e-type=\"container\">\n\t\t\t\t<div class=\"elementor-element elementor-element-a1f04f0 elementor-widget__width-initial elementor-widget elementor-widget-heading\" data-id=\"a1f04f0\" data-element_type=\"widget\" data-e-type=\"widget\" data-widget_type=\"heading.default\">\n\t\t\t\t\t<h2 class=\"elementor-heading-title elementor-size-default\">What types of orthodontics are available?<\/h2>\t\t\t\t<\/div>\n\t\t\t\t<div class=\"elementor-element elementor-element-c3a73f7 elementor-widget__width-initial elementor-widget elementor-widget-text-editor\" data-id=\"c3a73f7\" data-element_type=\"widget\" data-e-type=\"widget\" data-widget_type=\"text-editor.default\">\n\t\t\t\t\t\t\t\t\t<p>The general dentist evaluates the patient, defines the treatment plan, and refers them to the appropriate specialist. Additionally, they treat various common oral conditions. Learn more about the most frequent procedures at Drs Dent.<\/p>\t\t\t\t\t\t\t\t<\/div>\n\t\t\t\t<\/div>\n\t\t\t\t\t<\/div>\n\t\t\t\t<\/div>\n\t\t<div class=\"elementor-element elementor-element-882b6a8 e-con-full e-flex e-con e-parent\" data-id=\"882b6a8\" data-element_type=\"container\" data-e-type=\"container\">\n\t\t<div class=\"elementor-element elementor-element-939e524 e-con-full e-flex e-con e-child\" data-id=\"939e524\" data-element_type=\"container\" data-e-type=\"container\" data-settings=\"{&quot;background_background&quot;:&quot;classic&quot;}\">\n\t\t<div class=\"elementor-element elementor-element-16bba7c e-con-full e-flex e-con e-child\" data-id=\"16bba7c\" data-element_type=\"container\" data-e-type=\"container\">\n\t\t\t\t<div class=\"elementor-element elementor-element-8dedb1e elementor-widget__width-initial elementor-widget elementor-widget-heading\" data-id=\"8dedb1e\" data-element_type=\"widget\" data-e-type=\"widget\" data-widget_type=\"heading.default\">\n\t\t\t\t\t<h2 class=\"elementor-heading-title elementor-size-default\">Interceptive Orthodontics<\/h2>\t\t\t\t<\/div>\n\t\t\t\t<div class=\"elementor-element elementor-element-3e32368 elementor-widget__width-initial elementor-widget elementor-widget-text-editor\" data-id=\"3e32368\" data-element_type=\"widget\" data-e-type=\"widget\" data-widget_type=\"text-editor.default\">\n\t\t\t\t\t\t\t\t\t<p>Interceptive or pediatric orthodontics works during the growth phase to prevent and reduce bite and occlusion issues, such as prognathism or retrognathism, avoiding the need for more complex treatments in the future.<\/p>\t\t\t\t\t\t\t\t<\/div>\n\t\t\t\t<\/div>\n\t\t\t\t<\/div>\n\t\t<div class=\"elementor-element elementor-element-15c22ad e-flex e-con-boxed e-con e-child\" data-id=\"15c22ad\" data-element_type=\"container\" data-e-type=\"container\" data-settings=\"{&quot;background_background&quot;:&quot;classic&quot;}\">\n\t\t\t\t\t<div class=\"e-con-inner\">\n\t\t<div class=\"elementor-element elementor-element-643a3cb e-con-full e-flex e-con e-child\" data-id=\"643a3cb\" data-element_type=\"container\" data-e-type=\"container\">\n\t\t\t\t<div class=\"elementor-element elementor-element-0b26e19 elementor-widget__width-initial elementor-widget elementor-widget-heading\" data-id=\"0b26e19\" data-element_type=\"widget\" data-e-type=\"widget\" data-widget_type=\"heading.default\">\n\t\t\t\t\t<h2 class=\"elementor-heading-title elementor-size-default\">Corrective Orthodontics<\/h2>\t\t\t\t<\/div>\n\t\t\t\t<div class=\"elementor-element elementor-element-b2f69fb elementor-widget__width-initial elementor-widget elementor-widget-text-editor\" data-id=\"b2f69fb\" data-element_type=\"widget\" data-e-type=\"widget\" data-widget_type=\"text-editor.default\">\n\t\t\t\t\t\t\t\t\t<p><span data-teams=\"true\">La ortodoncia correctiva se realiza en adolescentes y adultos una vez completado el recambio dental y con toda la dentici\u00f3n permanente. No tiene l\u00edmite de edad, y hoy en d\u00eda la mayor\u00eda de los pacientes son adultos. Incluso, cerca del 90% de la poblaci\u00f3n podr\u00eda beneficiarse de este tratamiento.<\/span><\/p>\t\t\t\t\t\t\t\t<\/div>\n\t\t\t\t<\/div>\n\t\t\t\t\t<\/div>\n\t\t\t\t<\/div>\n\t\t\t\t<\/div>\n\t\t<div class=\"elementor-element elementor-element-9ceaf23 e-flex e-con-boxed e-con e-parent\" data-id=\"9ceaf23\" data-element_type=\"container\" data-e-type=\"container\" data-settings=\"{&quot;background_background&quot;:&quot;classic&quot;}\">\n\t\t\t\t\t<div class=\"e-con-inner\">\n\t\t<div class=\"elementor-element elementor-element-1349a36 e-con-full e-flex e-con e-child\" data-id=\"1349a36\" data-element_type=\"container\" data-e-type=\"container\">\n\t\t\t\t<div class=\"elementor-element elementor-element-106afb3 elementor-widget elementor-widget-image\" data-id=\"106afb3\" data-element_type=\"widget\" data-e-type=\"widget\" data-widget_type=\"image.default\">\n\t\t\t\t\t\t\t\t\t\t\t\t\t\t\t<img decoding=\"async\" width=\"55\" height=\"66\" src=\"https:\/\/staging.drsdent.com\/wp-content\/uploads\/2026\/03\/molar_logo.svg\" class=\"attachment-large size-large wp-image-78\" alt=\"logo Drs Dent\" \/>\t\t\t\t\t\t\t\t\t\t\t\t\t\t\t<\/div>\n\t\t\t\t<div class=\"elementor-element elementor-element-3bb3c67 elementor-widget__width-initial elementor-widget elementor-widget-heading\" data-id=\"3bb3c67\" data-element_type=\"widget\" data-e-type=\"widget\" data-widget_type=\"heading.default\">\n\t\t\t\t\t<h2 class=\"elementor-heading-title elementor-size-default\">Discover the benefits of orthodontics<\/h2>\t\t\t\t<\/div>\n\t\t\t\t<div class=\"elementor-element elementor-element-80eb095 elementor-widget__width-initial elementor-widget elementor-widget-text-editor\" data-id=\"80eb095\" data-element_type=\"widget\" data-e-type=\"widget\" data-widget_type=\"text-editor.default\">\n\t\t\t\t\t\t\t\t\t<p>Beyond enhancing your smile\u2019s aesthetics, orthodontics offers multiple benefits for your oral health and long-term well-being. A well-planned treatment not only aligns your teeth but also improves their functionality and prevents future dental issues.<\/p>\t\t\t\t\t\t\t\t<\/div>\n\t\t<div class=\"elementor-element elementor-element-3c20670 e-con-full e-grid e-con e-child\" data-id=\"3c20670\" data-element_type=\"container\" data-e-type=\"container\">\n\t\t<div class=\"elementor-element elementor-element-ba27640 e-con-full e-flex e-con e-child\" data-id=\"ba27640\" data-element_type=\"container\" data-e-type=\"container\">\n\t\t\t\t<div class=\"elementor-element elementor-element-dcc606b elementor-widget elementor-widget-image\" data-id=\"dcc606b\" data-element_type=\"widget\" data-e-type=\"widget\" data-widget_type=\"image.default\">\n\t\t\t\t\t\t\t\t\t\t\t\t\t\t\t<img decoding=\"async\" width=\"92\" height=\"72\" src=\"https:\/\/staging.drsdent.com\/wp-content\/uploads\/2026\/03\/molar.svg\" class=\"attachment-large size-large wp-image-413\" alt=\"Molar\" \/>\t\t\t\t\t\t\t\t\t\t\t\t\t\t\t<\/div>\n\t\t\t\t<div class=\"elementor-element elementor-element-581c3c7 elementor-widget__width-inherit elementor-widget elementor-widget-text-editor\" data-id=\"581c3c7\" data-element_type=\"widget\" data-e-type=\"widget\" data-widget_type=\"text-editor.default\">\n\t\t\t\t\t\t\t\t\t<p>Enhanced Dental Hygiene and Corrected Bite<\/p>\t\t\t\t\t\t\t\t<\/div>\n\t\t\t\t<\/div>\n\t\t<div class=\"elementor-element elementor-element-fe19b8f e-con-full e-flex e-con e-child\" data-id=\"fe19b8f\" data-element_type=\"container\" data-e-type=\"container\">\n\t\t\t\t<div class=\"elementor-element elementor-element-b3b6a02 elementor-widget elementor-widget-image\" data-id=\"b3b6a02\" data-element_type=\"widget\" data-e-type=\"widget\" data-widget_type=\"image.default\">\n\t\t\t\t\t\t\t\t\t\t\t\t\t\t\t<img loading=\"lazy\" decoding=\"async\" width=\"93\" height=\"74\" src=\"https:\/\/staging.drsdent.com\/wp-content\/uploads\/2026\/03\/alineacion_dental.svg\" class=\"attachment-large size-large wp-image-412\" alt=\"alineaci\u00f3n dental\" \/>\t\t\t\t\t\t\t\t\t\t\t\t\t\t\t<\/div>\n\t\t\t\t<div class=\"elementor-element elementor-element-03f3549 elementor-widget__width-inherit elementor-widget elementor-widget-text-editor\" data-id=\"03f3549\" data-element_type=\"widget\" data-e-type=\"widget\" data-widget_type=\"text-editor.default\">\n\t\t\t\t\t\t\t\t\t<p>Prevents Future Alignment Issues<\/p>\t\t\t\t\t\t\t\t<\/div>\n\t\t\t\t<\/div>\n\t\t<div class=\"elementor-element elementor-element-efa56a2 e-con-full e-flex e-con e-child\" data-id=\"efa56a2\" data-element_type=\"container\" data-e-type=\"container\">\n\t\t\t\t<div class=\"elementor-element elementor-element-abbf93a elementor-widget elementor-widget-image\" data-id=\"abbf93a\" data-element_type=\"widget\" data-e-type=\"widget\" data-widget_type=\"image.default\">\n\t\t\t\t\t\t\t\t\t\t\t\t\t\t\t<img loading=\"lazy\" decoding=\"async\" width=\"195\" height=\"191\" src=\"https:\/\/staging.drsdent.com\/wp-content\/uploads\/2026\/04\/correcion_mandibula.svg\" class=\"attachment-large size-large wp-image-1167\" alt=\"Correcci\u00f3n de Mand\u00edbula\" \/>\t\t\t\t\t\t\t\t\t\t\t\t\t\t\t<\/div>\n\t\t\t\t<div class=\"elementor-element elementor-element-770d0c6 elementor-widget__width-inherit elementor-widget elementor-widget-text-editor\" data-id=\"770d0c6\" data-element_type=\"widget\" data-e-type=\"widget\" data-widget_type=\"text-editor.default\">\n\t\t\t\t\t\t\t\t\t<p>Bite Alignment<\/p>\t\t\t\t\t\t\t\t<\/div>\n\t\t\t\t<\/div>\n\t\t\t\t<\/div>\n\t\t\t\t<div class=\"elementor-element elementor-element-9a9fdba elementor-widget elementor-widget-button\" data-id=\"9a9fdba\" data-element_type=\"widget\" data-e-type=\"widget\" data-widget_type=\"button.default\">\n\t\t\t\t\t\t\t\t\t\t<a class=\"elementor-button elementor-button-link elementor-size-sm\" href=\"https:\/\/api.whatsapp.com\/send?phone=50664592254&#038;text=Te%20escribo%20%20%20%20desde%20el%20sitio%20web%20de%20Drs%20Dents%2C%20necesito%20m%%20%20%20C3%A1s%20informaci%C3%B3n%20%20\">\n\t\t\t\t\t\t<span class=\"elementor-button-content-wrapper\">\n\t\t\t\t\t\t\t\t\t<span class=\"elementor-button-text\">Book an Appointment<\/span>\n\t\t\t\t\t<\/span>\n\t\t\t\t\t<\/a>\n\t\t\t\t\t\t\t\t<\/div>\n\t\t\t\t<\/div>\n\t\t\t\t\t<\/div>\n\t\t\t\t<\/div>\n\t\t<div class=\"elementor-element elementor-element-0c557e2 e-con-full e-flex e-con e-parent\" data-id=\"0c557e2\" data-element_type=\"container\" data-e-type=\"container\">\n\t\t<div class=\"elementor-element elementor-element-3bd2182 e-grid e-con-boxed e-con e-child\" data-id=\"3bd2182\" data-element_type=\"container\" data-e-type=\"container\">\n\t\t\t\t\t<div class=\"e-con-inner\">\n\t\t<div class=\"elementor-element elementor-element-a977f59 e-con-full e-flex e-con e-child\" data-id=\"a977f59\" data-element_type=\"container\" data-e-type=\"container\">\n\t\t\t\t<div class=\"elementor-element elementor-element-34d2166 elementor-widget elementor-widget-heading\" data-id=\"34d2166\" data-element_type=\"widget\" data-e-type=\"widget\" data-widget_type=\"heading.default\">\n\t\t\t\t\t<h2 class=\"elementor-heading-title elementor-size-default\">Types of Orthodontic Treatments<\/h2>\t\t\t\t<\/div>\n\t\t\t\t<div class=\"elementor-element elementor-element-e828ea0 elementor-widget elementor-widget-text-editor\" data-id=\"e828ea0\" data-element_type=\"widget\" data-e-type=\"widget\" data-widget_type=\"text-editor.default\">\n\t\t\t\t\t\t\t\t\t<p>We offer various orthodontic options to suit your needs and lifestyle, from traditional methods to modern, discreet alternatives.<\/p>\t\t\t\t\t\t\t\t<\/div>\n\t\t\t\t<\/div>\n\t\t<div class=\"elementor-element elementor-element-9ee544c e-con-full e-flex e-con e-child\" data-id=\"9ee544c\" data-element_type=\"container\" data-e-type=\"container\">\n\t\t<div class=\"elementor-element elementor-element-d37237f e-con-full e-flex e-con e-child\" data-id=\"d37237f\" data-element_type=\"container\" data-e-type=\"container\" data-settings=\"{&quot;background_background&quot;:&quot;classic&quot;}\">\n\t\t\t\t<div class=\"elementor-element elementor-element-64e1bda elementor-widget elementor-widget-image\" data-id=\"64e1bda\" data-element_type=\"widget\" data-e-type=\"widget\" data-widget_type=\"image.default\">\n\t\t\t\t\t\t\t\t\t\t\t\t\t\t\t<img loading=\"lazy\" decoding=\"async\" width=\"93\" height=\"74\" src=\"https:\/\/staging.drsdent.com\/wp-content\/uploads\/2026\/03\/alineacion_dental.svg\" class=\"attachment-large size-large wp-image-412\" alt=\"alineaci\u00f3n dental\" \/>\t\t\t\t\t\t\t\t\t\t\t\t\t\t\t<\/div>\n\t\t\t\t<div class=\"elementor-element elementor-element-87e9327 elementor-widget__width-initial elementor-widget elementor-widget-text-editor\" data-id=\"87e9327\" data-element_type=\"widget\" data-e-type=\"widget\" data-widget_type=\"text-editor.default\">\n\t\t\t\t\t\t\t\t\t<p>Traditional Metal Braces<\/p>\t\t\t\t\t\t\t\t<\/div>\n\t\t\t\t<\/div>\n\t\t<div class=\"elementor-element elementor-element-3037cfe e-con-full e-flex e-con e-child\" data-id=\"3037cfe\" data-element_type=\"container\" data-e-type=\"container\" data-settings=\"{&quot;background_background&quot;:&quot;classic&quot;}\">\n\t\t\t\t<div class=\"elementor-element elementor-element-118d459 elementor-widget elementor-widget-image\" data-id=\"118d459\" data-element_type=\"widget\" data-e-type=\"widget\" data-widget_type=\"image.default\">\n\t\t\t\t\t\t\t\t\t\t\t\t\t\t\t<img loading=\"lazy\" decoding=\"async\" width=\"98\" height=\"51\" src=\"https:\/\/staging.drsdent.com\/wp-content\/uploads\/2026\/03\/brackets-1.svg\" class=\"attachment-large size-large wp-image-416\" alt=\"Brackets metalicos\" \/>\t\t\t\t\t\t\t\t\t\t\t\t\t\t\t<\/div>\n\t\t\t\t<div class=\"elementor-element elementor-element-2a01d01 elementor-widget__width-initial elementor-widget elementor-widget-text-editor\" data-id=\"2a01d01\" data-element_type=\"widget\" data-e-type=\"widget\" data-widget_type=\"text-editor.default\">\n\t\t\t\t\t\t\t\t\t<p>Brackets Est\u00e9ticos<\/p>\t\t\t\t\t\t\t\t<\/div>\n\t\t\t\t<\/div>\n\t\t<div class=\"elementor-element elementor-element-8625c0a e-con-full e-flex e-con e-child\" data-id=\"8625c0a\" data-element_type=\"container\" data-e-type=\"container\" data-settings=\"{&quot;background_background&quot;:&quot;classic&quot;}\">\n\t\t\t\t<div class=\"elementor-element elementor-element-903133f elementor-widget elementor-widget-image\" data-id=\"903133f\" data-element_type=\"widget\" data-e-type=\"widget\" data-widget_type=\"image.default\">\n\t\t\t\t\t\t\t\t\t\t\t\t\t\t\t<img loading=\"lazy\" decoding=\"async\" width=\"82\" height=\"77\" src=\"https:\/\/staging.drsdent.com\/wp-content\/uploads\/2026\/03\/alineadores_invisibles.svg\" class=\"attachment-large size-large wp-image-415\" alt=\"Alineadores Invisibles\" \/>\t\t\t\t\t\t\t\t\t\t\t\t\t\t\t<\/div>\n\t\t\t\t<div class=\"elementor-element elementor-element-292e6a7 elementor-widget__width-initial elementor-widget elementor-widget-text-editor\" data-id=\"292e6a7\" data-element_type=\"widget\" data-e-type=\"widget\" data-widget_type=\"text-editor.default\">\n\t\t\t\t\t\t\t\t\t<p>Alineadores invisibles<\/p>\t\t\t\t\t\t\t\t<\/div>\n\t\t\t\t<\/div>\n\t\t\t\t<\/div>\n\t\t\t\t\t<\/div>\n\t\t\t\t<\/div>\n\t\t<div class=\"elementor-element elementor-element-d91a0ce e-flex e-con-boxed e-con e-child\" data-id=\"d91a0ce\" data-element_type=\"container\" data-e-type=\"container\">\n\t\t\t\t\t<div class=\"e-con-inner\">\n\t\t<div class=\"elementor-element elementor-element-c2e0fd6 e-con-full e-flex e-con e-child\" data-id=\"c2e0fd6\" data-element_type=\"container\" data-e-type=\"container\" data-settings=\"{&quot;background_background&quot;:&quot;classic&quot;}\">\n\t\t\t\t<div class=\"elementor-element elementor-element-7262604 elementor-widget elementor-widget-heading\" data-id=\"7262604\" data-element_type=\"widget\" data-e-type=\"widget\" data-widget_type=\"heading.default\">\n\t\t\t\t\t<h3 class=\"elementor-heading-title elementor-size-default translation-block\">Take care of your smile today start with an appointment<\/h3>\t\t\t\t<\/div>\n\t\t\t\t<div class=\"elementor-element elementor-element-de003ad elementor-widget elementor-widget-button\" data-id=\"de003ad\" data-element_type=\"widget\" data-e-type=\"widget\" data-widget_type=\"button.default\">\n\t\t\t\t\t\t\t\t\t\t<a class=\"elementor-button elementor-button-link elementor-size-sm\" href=\"https:\/\/api.whatsapp.com\/send?phone=50664592254&#038;text=Te%20escribo%20%20%20%20desde%20el%20sitio%20web%20de%20Drs%20Dents%2C%20necesito%20m%%20%20%20C3%A1s%20informaci%C3%B3n%20%20\">\n\t\t\t\t\t\t<span class=\"elementor-button-content-wrapper\">\n\t\t\t\t\t\t\t\t\t<span class=\"elementor-button-text\">Book an Appointment<\/span>\n\t\t\t\t\t<\/span>\n\t\t\t\t\t<\/a>\n\t\t\t\t\t\t\t\t<\/div>\n\t\t\t\t<\/div>\n\t\t\t\t\t<\/div>\n\t\t\t\t<\/div>\n\t\t\t\t<\/div>\n\t\t\t\t<\/div>","protected":false},"excerpt":{"rendered":"<p>Ortodoncia \u00bfQu\u00e9 es la Ortodoncia? La ortodoncia es la especialidad odontol\u00f3gica que corrige la posici\u00f3n de los dientes y maxilares para mejorar la funci\u00f3n masticatoria, el equilibrio facial y la est\u00e9tica de la sonrisa, tratando principalmente problemas de maloclusi\u00f3n. Ortodoncia para cada sonrisa Correg\u00ed la alineaci\u00f3n de tus dientes con tratamientos personalizados como brackets tradicionales [&hellip;]<\/p>\n","protected":false},"author":1,"featured_media":0,"parent":247,"menu_order":0,"comment_status":"closed","ping_status":"closed","template":"","meta":{"footnotes":""},"class_list":["post-387","page","type-page","status-publish","hentry"],"_hostinger_reach_plugin_has_subscription_block":false,"_hostinger_reach_plugin_is_elementor":false,"_links":{"self":[{"href":"https:\/\/staging.drsdent.com\/en\/wp-json\/wp\/v2\/pages\/387","targetHints":{"allow":["GET"]}}],"collection":[{"href":"https:\/\/staging.drsdent.com\/en\/wp-json\/wp\/v2\/pages"}],"about":[{"href":"https:\/\/staging.drsdent.com\/en\/wp-json\/wp\/v2\/types\/page"}],"author":[{"embeddable":true,"href":"https:\/\/staging.drsdent.com\/en\/wp-json\/wp\/v2\/users\/1"}],"replies":[{"embeddable":true,"href":"https:\/\/staging.drsdent.com\/en\/wp-json\/wp\/v2\/comments?post=387"}],"version-history":[{"count":76,"href":"https:\/\/staging.drsdent.com\/en\/wp-json\/wp\/v2\/pages\/387\/revisions"}],"predecessor-version":[{"id":1487,"href":"https:\/\/staging.drsdent.com\/en\/wp-json\/wp\/v2\/pages\/387\/revisions\/1487"}],"up":[{"embeddable":true,"href":"https:\/\/staging.drsdent.com\/en\/wp-json\/wp\/v2\/pages\/247"}],"wp:attachment":[{"href":"https:\/\/staging.drsdent.com\/en\/wp-json\/wp\/v2\/media?parent=387"}],"curies":[{"name":"wp","href":"https:\/\/api.w.org\/{rel}","templated":true}]}}