{"id":328,"date":"2026-03-10T23:00:02","date_gmt":"2026-03-10T23:00:02","guid":{"rendered":"https:\/\/staging.drsdent.com\/?page_id=328"},"modified":"2026-04-13T20:21:13","modified_gmt":"2026-04-13T20:21:13","slug":"odontologia-general","status":"publish","type":"page","link":"https:\/\/staging.drsdent.com\/en\/especialidades\/odontologia-general\/","title":{"rendered":"Odontolog\u00eda General"},"content":{"rendered":"<div data-elementor-type=\"wp-page\" data-elementor-id=\"328\" class=\"elementor elementor-328\" data-elementor-post-type=\"page\">\n\t\t\t\t<div class=\"elementor-element elementor-element-51a0d6a e-con-full e-flex e-con e-parent\" data-id=\"51a0d6a\" data-element_type=\"container\" data-e-type=\"container\" data-settings=\"{&quot;background_background&quot;:&quot;classic&quot;}\">\n\t\t<div class=\"elementor-element elementor-element-3bd4dfb e-con-full e-flex e-con e-child\" data-id=\"3bd4dfb\" data-element_type=\"container\" data-e-type=\"container\">\n\t\t\t\t<div class=\"elementor-element elementor-element-66df047 elementor-widget__width-initial elementor-widget elementor-widget-heading\" data-id=\"66df047\" data-element_type=\"widget\" data-e-type=\"widget\" data-widget_type=\"heading.default\">\n\t\t\t\t\t<h1 class=\"elementor-heading-title elementor-size-default\">General Dentistry<\/h1>\t\t\t\t<\/div>\n\t\t\t\t<\/div>\n\t\t\t\t<\/div>\n\t\t<div class=\"elementor-element elementor-element-f954362 e-con-full e-flex e-con e-parent\" data-id=\"f954362\" data-element_type=\"container\" data-e-type=\"container\">\n\t\t<div class=\"elementor-element elementor-element-d7ed7c5 e-grid e-con-boxed e-con e-child\" data-id=\"d7ed7c5\" data-element_type=\"container\" data-e-type=\"container\">\n\t\t\t\t\t<div class=\"e-con-inner\">\n\t\t<div class=\"elementor-element elementor-element-b6fa0ce e-con-full e-flex e-con e-child\" data-id=\"b6fa0ce\" data-element_type=\"container\" data-e-type=\"container\">\n\t\t\t\t<div class=\"elementor-element elementor-element-a7bf1bc elementor-widget-mobile__width-initial elementor-widget elementor-widget-heading\" data-id=\"a7bf1bc\" data-element_type=\"widget\" data-e-type=\"widget\" data-widget_type=\"heading.default\">\n\t\t\t\t\t<h2 class=\"elementor-heading-title elementor-size-default\">What is General Dentistry?<\/h2>\t\t\t\t<\/div>\n\t\t\t\t<div class=\"elementor-element elementor-element-eae9f38 elementor-widget elementor-widget-text-editor\" data-id=\"eae9f38\" data-element_type=\"widget\" data-e-type=\"widget\" data-widget_type=\"text-editor.default\">\n\t\t\t\t\t\t\t\t\t<p>Dentistry is the branch of medicine dedicated to comprehensive oral health care, focusing on the prevention, diagnosis, and treatment of diseases of the teeth, gums, jaws, and the temporomandibular joint (TMJ), as well as proper bone development and masticatory function.<\/p>\t\t\t\t\t\t\t\t<\/div>\n\t\t\t\t<\/div>\n\t\t<div class=\"elementor-element elementor-element-65e16d5 e-con-full e-flex e-con e-child\" data-id=\"65e16d5\" data-element_type=\"container\" data-e-type=\"container\">\n\t\t\t\t<div class=\"elementor-element elementor-element-c23ebbf elementor-widget elementor-widget-image\" data-id=\"c23ebbf\" data-element_type=\"widget\" data-e-type=\"widget\" data-widget_type=\"image.default\">\n\t\t\t\t\t\t\t\t\t\t\t\t\t\t\t<img fetchpriority=\"high\" decoding=\"async\" width=\"706\" height=\"481\" src=\"https:\/\/staging.drsdent.com\/wp-content\/uploads\/2026\/03\/odontologia_general_img.svg\" class=\"attachment-large size-large wp-image-335\" alt=\"\" \/>\t\t\t\t\t\t\t\t\t\t\t\t\t\t\t<\/div>\n\t\t\t\t<\/div>\n\t\t\t\t\t<\/div>\n\t\t\t\t<\/div>\n\t\t<div class=\"elementor-element elementor-element-b3b2d77 e-con-full e-flex e-con e-child\" data-id=\"b3b2d77\" data-element_type=\"container\" data-e-type=\"container\">\n\t\t<div class=\"elementor-element elementor-element-2a290f8 e-con-full e-flex e-con e-child\" data-id=\"2a290f8\" data-element_type=\"container\" data-e-type=\"container\">\n\t\t\t\t<div class=\"elementor-element elementor-element-ebb04fe elementor-widget elementor-widget-heading\" data-id=\"ebb04fe\" data-element_type=\"widget\" data-e-type=\"widget\" data-widget_type=\"heading.default\">\n\t\t\t\t\t<h2 class=\"elementor-heading-title elementor-size-default\">What services<\/h2>\t\t\t\t<\/div>\n\t\t\t\t<div class=\"elementor-element elementor-element-db7a03b elementor-widget elementor-widget-heading\" data-id=\"db7a03b\" data-element_type=\"widget\" data-e-type=\"widget\" data-widget_type=\"heading.default\">\n\t\t\t\t\t<h2 class=\"elementor-heading-title elementor-size-default\">do we provide?<\/h2>\t\t\t\t<\/div>\n\t\t\t\t<div class=\"elementor-element elementor-element-ebfb3d8 elementor-widget__width-initial elementor-widget elementor-widget-text-editor\" data-id=\"ebfb3d8\" data-element_type=\"widget\" data-e-type=\"widget\" data-widget_type=\"text-editor.default\">\n\t\t\t\t\t\t\t\t\t<p>The general dentist evaluates the patient, defines the treatment plan, and refers them to the appropriate specialist. Additionally, they treat various common oral conditions. Learn more about the most frequent procedures at Drs Dent.<\/p>\t\t\t\t\t\t\t\t<\/div>\n\t\t\t\t<\/div>\n\t\t<div class=\"elementor-element elementor-element-21ccaff e-con-full e-flex e-con e-child\" data-id=\"21ccaff\" data-element_type=\"container\" data-e-type=\"container\">\n\t\t<div class=\"elementor-element elementor-element-dc94806 e-con-full e-flex e-con e-child\" data-id=\"dc94806\" data-element_type=\"container\" data-e-type=\"container\">\n\t\t<div class=\"elementor-element elementor-element-660da3d e-con-full e-flex e-con e-child\" data-id=\"660da3d\" data-element_type=\"container\" data-e-type=\"container\">\n\t\t\t\t<div class=\"elementor-element elementor-element-f2a0339 elementor-widget elementor-widget-image\" data-id=\"f2a0339\" data-element_type=\"widget\" data-e-type=\"widget\" data-widget_type=\"image.default\">\n\t\t\t\t\t\t\t\t\t\t\t\t\t\t\t<img decoding=\"async\" width=\"77\" height=\"77\" src=\"https:\/\/staging.drsdent.com\/wp-content\/uploads\/2026\/03\/odontologia_orange.svg\" class=\"attachment-large size-large wp-image-340\" alt=\"\" \/>\t\t\t\t\t\t\t\t\t\t\t\t\t\t\t<\/div>\n\t\t\t\t<div class=\"elementor-element elementor-element-136cdd9 elementor-widget elementor-widget-text-editor\" data-id=\"136cdd9\" data-element_type=\"widget\" data-e-type=\"widget\" data-widget_type=\"text-editor.default\">\n\t\t\t\t\t\t\t\t\t<p class=\"translation-block\">White Fillings<\/p>\t\t\t\t\t\t\t\t<\/div>\n\t\t\t\t<\/div>\n\t\t<div class=\"elementor-element elementor-element-3a1f1b6 e-con-full e-flex e-con e-child\" data-id=\"3a1f1b6\" data-element_type=\"container\" data-e-type=\"container\">\n\t\t\t\t<div class=\"elementor-element elementor-element-fe5767b elementor-widget elementor-widget-image\" data-id=\"fe5767b\" data-element_type=\"widget\" data-e-type=\"widget\" data-widget_type=\"image.default\">\n\t\t\t\t\t\t\t\t\t\t\t\t\t\t\t<img decoding=\"async\" width=\"77\" height=\"77\" src=\"https:\/\/staging.drsdent.com\/wp-content\/uploads\/2026\/03\/odontologia_orange.svg\" class=\"attachment-large size-large wp-image-340\" alt=\"\" \/>\t\t\t\t\t\t\t\t\t\t\t\t\t\t\t<\/div>\n\t\t\t\t<div class=\"elementor-element elementor-element-5a0eeb3 elementor-widget elementor-widget-text-editor\" data-id=\"5a0eeb3\" data-element_type=\"widget\" data-e-type=\"widget\" data-widget_type=\"text-editor.default\">\n\t\t\t\t\t\t\t\t\t<p>Fixed Restorations: Crowns, Bridges, and Inlays\/Onlays<\/p>\t\t\t\t\t\t\t\t<\/div>\n\t\t\t\t<\/div>\n\t\t<div class=\"elementor-element elementor-element-8312de9 e-con-full e-flex e-con e-child\" data-id=\"8312de9\" data-element_type=\"container\" data-e-type=\"container\">\n\t\t\t\t<div class=\"elementor-element elementor-element-14fa0a0 elementor-widget elementor-widget-image\" data-id=\"14fa0a0\" data-element_type=\"widget\" data-e-type=\"widget\" data-widget_type=\"image.default\">\n\t\t\t\t\t\t\t\t\t\t\t\t\t\t\t<img decoding=\"async\" width=\"77\" height=\"77\" src=\"https:\/\/staging.drsdent.com\/wp-content\/uploads\/2026\/03\/odontologia_orange.svg\" class=\"attachment-large size-large wp-image-340\" alt=\"\" \/>\t\t\t\t\t\t\t\t\t\t\t\t\t\t\t<\/div>\n\t\t\t\t<div class=\"elementor-element elementor-element-cc7588b elementor-widget elementor-widget-text-editor\" data-id=\"cc7588b\" data-element_type=\"widget\" data-e-type=\"widget\" data-widget_type=\"text-editor.default\">\n\t\t\t\t\t\t\t\t\t<p>Teeth Whitening<\/p>\t\t\t\t\t\t\t\t<\/div>\n\t\t\t\t<\/div>\n\t\t<div class=\"elementor-element elementor-element-d251bfd e-con-full e-flex e-con e-child\" data-id=\"d251bfd\" data-element_type=\"container\" data-e-type=\"container\">\n\t\t\t\t<div class=\"elementor-element elementor-element-35d6122 elementor-widget elementor-widget-image\" data-id=\"35d6122\" data-element_type=\"widget\" data-e-type=\"widget\" data-widget_type=\"image.default\">\n\t\t\t\t\t\t\t\t\t\t\t\t\t\t\t<img decoding=\"async\" width=\"77\" height=\"77\" src=\"https:\/\/staging.drsdent.com\/wp-content\/uploads\/2026\/03\/odontologia_orange.svg\" class=\"attachment-large size-large wp-image-340\" alt=\"\" \/>\t\t\t\t\t\t\t\t\t\t\t\t\t\t\t<\/div>\n\t\t\t\t<div class=\"elementor-element elementor-element-a714468 elementor-widget elementor-widget-text-editor\" data-id=\"a714468\" data-element_type=\"widget\" data-e-type=\"widget\" data-widget_type=\"text-editor.default\">\n\t\t\t\t\t\t\t\t\t<p>Tooth Extractions<\/p>\t\t\t\t\t\t\t\t<\/div>\n\t\t\t\t<\/div>\n\t\t<div class=\"elementor-element elementor-element-b377578 e-con-full e-flex e-con e-child\" data-id=\"b377578\" data-element_type=\"container\" data-e-type=\"container\">\n\t\t\t\t<div class=\"elementor-element elementor-element-f76d252 elementor-widget elementor-widget-image\" data-id=\"f76d252\" data-element_type=\"widget\" data-e-type=\"widget\" data-widget_type=\"image.default\">\n\t\t\t\t\t\t\t\t\t\t\t\t\t\t\t<img decoding=\"async\" width=\"77\" height=\"77\" src=\"https:\/\/staging.drsdent.com\/wp-content\/uploads\/2026\/03\/odontologia_orange.svg\" class=\"attachment-large size-large wp-image-340\" alt=\"\" \/>\t\t\t\t\t\t\t\t\t\t\t\t\t\t\t<\/div>\n\t\t\t\t<div class=\"elementor-element elementor-element-9a26f9b elementor-widget elementor-widget-text-editor\" data-id=\"9a26f9b\" data-element_type=\"widget\" data-e-type=\"widget\" data-widget_type=\"text-editor.default\">\n\t\t\t\t\t\t\t\t\t<p>Dentures: Full and Partial<\/p>\t\t\t\t\t\t\t\t<\/div>\n\t\t\t\t<\/div>\n\t\t<div class=\"elementor-element elementor-element-fa01286 e-con-full e-flex e-con e-child\" data-id=\"fa01286\" data-element_type=\"container\" data-e-type=\"container\">\n\t\t\t\t<div class=\"elementor-element elementor-element-c37af8d elementor-widget elementor-widget-image\" data-id=\"c37af8d\" data-element_type=\"widget\" data-e-type=\"widget\" data-widget_type=\"image.default\">\n\t\t\t\t\t\t\t\t\t\t\t\t\t\t\t<img decoding=\"async\" width=\"77\" height=\"77\" src=\"https:\/\/staging.drsdent.com\/wp-content\/uploads\/2026\/03\/odontologia_orange.svg\" class=\"attachment-large size-large wp-image-340\" alt=\"\" \/>\t\t\t\t\t\t\t\t\t\t\t\t\t\t\t<\/div>\n\t\t\t\t<div class=\"elementor-element elementor-element-f47bed9 elementor-widget elementor-widget-text-editor\" data-id=\"f47bed9\" data-element_type=\"widget\" data-e-type=\"widget\" data-widget_type=\"text-editor.default\">\n\t\t\t\t\t\t\t\t\t<p>Temporaries (Provisionals)<\/p>\t\t\t\t\t\t\t\t<\/div>\n\t\t\t\t<\/div>\n\t\t<div class=\"elementor-element elementor-element-9549a8e e-con-full e-flex e-con e-child\" data-id=\"9549a8e\" data-element_type=\"container\" data-e-type=\"container\">\n\t\t\t\t<div class=\"elementor-element elementor-element-0a04711 elementor-widget elementor-widget-image\" data-id=\"0a04711\" data-element_type=\"widget\" data-e-type=\"widget\" data-widget_type=\"image.default\">\n\t\t\t\t\t\t\t\t\t\t\t\t\t\t\t<img decoding=\"async\" width=\"77\" height=\"77\" src=\"https:\/\/staging.drsdent.com\/wp-content\/uploads\/2026\/03\/odontologia_orange.svg\" class=\"attachment-large size-large wp-image-340\" alt=\"\" \/>\t\t\t\t\t\t\t\t\t\t\t\t\t\t\t<\/div>\n\t\t\t\t<div class=\"elementor-element elementor-element-aa2d626 elementor-widget elementor-widget-text-editor\" data-id=\"aa2d626\" data-element_type=\"widget\" data-e-type=\"widget\" data-widget_type=\"text-editor.default\">\n\t\t\t\t\t\t\t\t\t<p>Other Services<\/p>\t\t\t\t\t\t\t\t<\/div>\n\t\t\t\t<\/div>\n\t\t\t\t<\/div>\n\t\t\t\t<\/div>\n\t\t\t\t<\/div>\n\t\t\t\t<\/div>\n\t\t<div class=\"elementor-element elementor-element-2eae334 e-con-full e-flex e-con e-parent\" data-id=\"2eae334\" data-element_type=\"container\" data-e-type=\"container\">\n\t\t<div class=\"elementor-element elementor-element-b759fc8 e-flex e-con-boxed e-con e-child\" data-id=\"b759fc8\" data-element_type=\"container\" data-e-type=\"container\">\n\t\t\t\t\t<div class=\"e-con-inner\">\n\t\t\t\t<div class=\"elementor-element elementor-element-57b0b0b elementor-widget elementor-widget-video\" data-id=\"57b0b0b\" data-element_type=\"widget\" data-e-type=\"widget\" data-settings=\"{&quot;youtube_url&quot;:&quot;https:\\\/\\\/www.youtube.com\\\/watch?v=Rs5bbIH-oIw&quot;,&quot;video_type&quot;:&quot;youtube&quot;,&quot;controls&quot;:&quot;yes&quot;}\" data-widget_type=\"video.default\">\n\t\t\t\t\t\t\t<div class=\"elementor-wrapper elementor-open-inline\">\n\t\t\t<div class=\"elementor-video\"><\/div>\t\t<\/div>\n\t\t\t\t\t\t<\/div>\n\t\t\t\t\t<\/div>\n\t\t\t\t<\/div>\n\t\t\t\t<\/div>\n\t\t<div class=\"elementor-element elementor-element-b01f6bf e-con-full e-flex e-con e-parent\" data-id=\"b01f6bf\" data-element_type=\"container\" data-e-type=\"container\">\n\t\t<div class=\"elementor-element elementor-element-b63ede5 e-con-full e-flex e-con e-child\" data-id=\"b63ede5\" data-element_type=\"container\" data-e-type=\"container\" data-settings=\"{&quot;background_background&quot;:&quot;classic&quot;}\">\n\t\t\t\t<div class=\"elementor-element elementor-element-f6452be elementor-widget elementor-widget-heading\" data-id=\"f6452be\" data-element_type=\"widget\" data-e-type=\"widget\" data-widget_type=\"heading.default\">\n\t\t\t\t\t<h3 class=\"elementor-heading-title elementor-size-default translation-block\">Take care of your smile today start with an appointment<\/h3>\t\t\t\t<\/div>\n\t\t\t\t<div class=\"elementor-element elementor-element-75554a6 elementor-widget elementor-widget-button\" data-id=\"75554a6\" data-element_type=\"widget\" data-e-type=\"widget\" data-widget_type=\"button.default\">\n\t\t\t\t\t\t\t\t\t\t<a class=\"elementor-button elementor-button-link elementor-size-sm\" href=\"https:\/\/api.whatsapp.com\/send?phone=50664592254&#038;text=Te%20escribo%20%20%20%20desde%20el%20sitio%20web%20de%20Drs%20Dents%2C%20necesito%20m%%20%20%20C3%A1s%20informaci%C3%B3n%20%20\">\n\t\t\t\t\t\t<span class=\"elementor-button-content-wrapper\">\n\t\t\t\t\t\t\t\t\t<span class=\"elementor-button-text\">Book an Appointment<\/span>\n\t\t\t\t\t<\/span>\n\t\t\t\t\t<\/a>\n\t\t\t\t\t\t\t\t<\/div>\n\t\t\t\t<\/div>\n\t\t\t\t<\/div>\n\t\t\t\t<\/div>","protected":false},"excerpt":{"rendered":"<p>Odontolog\u00eda general \u00bfQu\u00e9 es la Odontolog\u00eda General? La odontolog\u00eda es la rama de la medicina dedicada al cuidado integral de la salud bucal, enfocada en la prevenci\u00f3n, diagn\u00f3stico y tratamiento de enfermedades de los dientes, enc\u00edas, maxilares y la articulaci\u00f3n temporomandibular, as\u00ed como en el correcto desarrollo \u00f3seo y la funci\u00f3n masticatoria. \u00bfQu\u00e9 servicios ofrecemos? [&hellip;]<\/p>\n","protected":false},"author":1,"featured_media":0,"parent":247,"menu_order":0,"comment_status":"closed","ping_status":"closed","template":"","meta":{"footnotes":""},"class_list":["post-328","page","type-page","status-publish","hentry"],"_hostinger_reach_plugin_has_subscription_block":false,"_hostinger_reach_plugin_is_elementor":false,"_links":{"self":[{"href":"https:\/\/staging.drsdent.com\/en\/wp-json\/wp\/v2\/pages\/328","targetHints":{"allow":["GET"]}}],"collection":[{"href":"https:\/\/staging.drsdent.com\/en\/wp-json\/wp\/v2\/pages"}],"about":[{"href":"https:\/\/staging.drsdent.com\/en\/wp-json\/wp\/v2\/types\/page"}],"author":[{"embeddable":true,"href":"https:\/\/staging.drsdent.com\/en\/wp-json\/wp\/v2\/users\/1"}],"replies":[{"embeddable":true,"href":"https:\/\/staging.drsdent.com\/en\/wp-json\/wp\/v2\/comments?post=328"}],"version-history":[{"count":64,"href":"https:\/\/staging.drsdent.com\/en\/wp-json\/wp\/v2\/pages\/328\/revisions"}],"predecessor-version":[{"id":1481,"href":"https:\/\/staging.drsdent.com\/en\/wp-json\/wp\/v2\/pages\/328\/revisions\/1481"}],"up":[{"embeddable":true,"href":"https:\/\/staging.drsdent.com\/en\/wp-json\/wp\/v2\/pages\/247"}],"wp:attachment":[{"href":"https:\/\/staging.drsdent.com\/en\/wp-json\/wp\/v2\/media?parent=328"}],"curies":[{"name":"wp","href":"https:\/\/api.w.org\/{rel}","templated":true}]}}